{"id":1250,"date":"2024-01-18T11:28:03","date_gmt":"2024-01-18T10:28:03","guid":{"rendered":"https:\/\/flora-debowski.pl\/infrastruktura_drogowa\/de\/?page_id=1250"},"modified":"2024-05-02T17:07:15","modified_gmt":"2024-05-02T15:07:15","slug":"realizacja-1","status":"publish","type":"page","link":"https:\/\/flora-debowski.pl\/infrastruktura_drogowa\/de\/realizacja-1\/","title":{"rendered":"Realizacja 1"},"content":{"rendered":"\t\t<div data-elementor-type=\"wp-page\" data-elementor-id=\"1250\" class=\"elementor elementor-1250\">\n\t\t\t\t<div class=\"elementor-element elementor-element-3485097 e-flex e-con-boxed e-con e-parent\" data-id=\"3485097\" data-element_type=\"container\" data-e-type=\"container\" data-settings=\"{&quot;jet_parallax_layout_list&quot;:[]}\">\n\t\t\t\t\t<div class=\"e-con-inner\">\n\t\t\t\t<div class=\"elementor-element elementor-element-1252475 gallery-spacing-custom elementor-widget elementor-widget-image-gallery\" data-id=\"1252475\" data-element_type=\"widget\" data-e-type=\"widget\" data-widget_type=\"image-gallery.default\">\n\t\t\t\t<div class=\"elementor-widget-container\">\n\t\t\t\t\t\t\t<div class=\"elementor-image-gallery\">\n\t\t\t<div id='gallery-1' class='gallery galleryid-1250 gallery-columns-3 gallery-size-imperion-thumb-770-750'><figure class='gallery-item'>\n\t\t\t<div class='gallery-icon landscape'>\n\t\t\t\t<a data-elementor-open-lightbox=\"yes\" data-elementor-lightbox-slideshow=\"1252475\" data-e-action-hash=\"#elementor-action%3Aaction%3Dlightbox%26settings%3DeyJpZCI6MTI1MiwidXJsIjoiaHR0cHM6XC9cL2Zsb3JhLWRlYm93c2tpLnBsXC9pbmZyYXN0cnVrdHVyYV9kcm9nb3dhXC9kZVwvd3AtY29udGVudFwvdXBsb2Fkc1wvMjAyNFwvMDFcL1JlYWxpemFjamEtbnItMS1mb3RvLTEtMS0xLmpwZWciLCJzbGlkZXNob3ciOiIxMjUyNDc1In0%3D\" href='https:\/\/flora-debowski.pl\/infrastruktura_drogowa\/de\/wp-content\/uploads\/2024\/01\/Realizacja-nr-1-foto-1-1-1.jpeg'><img fetchpriority=\"high\" decoding=\"async\" width=\"770\" height=\"750\" src=\"https:\/\/flora-debowski.pl\/infrastruktura_drogowa\/de\/wp-content\/uploads\/2024\/01\/Realizacja-nr-1-foto-1-1-1-770x750.jpeg\" class=\"attachment-imperion-thumb-770-750 size-imperion-thumb-770-750\" alt=\"\" srcset=\"https:\/\/flora-debowski.pl\/infrastruktura_drogowa\/de\/wp-content\/uploads\/2024\/01\/Realizacja-nr-1-foto-1-1-1-770x750.jpeg 770w, https:\/\/flora-debowski.pl\/infrastruktura_drogowa\/de\/wp-content\/uploads\/2024\/01\/Realizacja-nr-1-foto-1-1-1-390x380.jpeg 390w, https:\/\/flora-debowski.pl\/infrastruktura_drogowa\/de\/wp-content\/uploads\/2024\/01\/Realizacja-nr-1-foto-1-1-1-425x415.jpeg 425w\" sizes=\"(max-width: 770px) 100vw, 770px\" \/><\/a>\n\t\t\t<\/div><\/figure><figure class='gallery-item'>\n\t\t\t<div class='gallery-icon landscape'>\n\t\t\t\t<a data-elementor-open-lightbox=\"yes\" data-elementor-lightbox-slideshow=\"1252475\" data-e-action-hash=\"#elementor-action%3Aaction%3Dlightbox%26settings%3DeyJpZCI6MTI1MywidXJsIjoiaHR0cHM6XC9cL2Zsb3JhLWRlYm93c2tpLnBsXC9pbmZyYXN0cnVrdHVyYV9kcm9nb3dhXC9kZVwvd3AtY29udGVudFwvdXBsb2Fkc1wvMjAyNFwvMDFcL1JlYWxpemFjamEtbnItMS1mb3RvLTIuanBlZyIsInNsaWRlc2hvdyI6IjEyNTI0NzUifQ%3D%3D\" href='https:\/\/flora-debowski.pl\/infrastruktura_drogowa\/de\/wp-content\/uploads\/2024\/01\/Realizacja-nr-1-foto-2.jpeg'><img decoding=\"async\" width=\"770\" height=\"750\" src=\"https:\/\/flora-debowski.pl\/infrastruktura_drogowa\/de\/wp-content\/uploads\/2024\/01\/Realizacja-nr-1-foto-2-770x750.jpeg\" class=\"attachment-imperion-thumb-770-750 size-imperion-thumb-770-750\" alt=\"\" srcset=\"https:\/\/flora-debowski.pl\/infrastruktura_drogowa\/de\/wp-content\/uploads\/2024\/01\/Realizacja-nr-1-foto-2-770x750.jpeg 770w, https:\/\/flora-debowski.pl\/infrastruktura_drogowa\/de\/wp-content\/uploads\/2024\/01\/Realizacja-nr-1-foto-2-390x380.jpeg 390w, https:\/\/flora-debowski.pl\/infrastruktura_drogowa\/de\/wp-content\/uploads\/2024\/01\/Realizacja-nr-1-foto-2-425x415.jpeg 425w\" sizes=\"(max-width: 770px) 100vw, 770px\" \/><\/a>\n\t\t\t<\/div><\/figure><figure class='gallery-item'>\n\t\t\t<div class='gallery-icon landscape'>\n\t\t\t\t<a data-elementor-open-lightbox=\"yes\" data-elementor-lightbox-slideshow=\"1252475\" data-e-action-hash=\"#elementor-action%3Aaction%3Dlightbox%26settings%3DeyJpZCI6MTI1NCwidXJsIjoiaHR0cHM6XC9cL2Zsb3JhLWRlYm93c2tpLnBsXC9pbmZyYXN0cnVrdHVyYV9kcm9nb3dhXC9kZVwvd3AtY29udGVudFwvdXBsb2Fkc1wvMjAyNFwvMDFcL1JlYWxpemFjamEtbnItMS1mb3RvLTMuanBlZyIsInNsaWRlc2hvdyI6IjEyNTI0NzUifQ%3D%3D\" href='https:\/\/flora-debowski.pl\/infrastruktura_drogowa\/de\/wp-content\/uploads\/2024\/01\/Realizacja-nr-1-foto-3.jpeg'><img decoding=\"async\" width=\"770\" height=\"750\" src=\"https:\/\/flora-debowski.pl\/infrastruktura_drogowa\/de\/wp-content\/uploads\/2024\/01\/Realizacja-nr-1-foto-3-770x750.jpeg\" class=\"attachment-imperion-thumb-770-750 size-imperion-thumb-770-750\" alt=\"\" srcset=\"https:\/\/flora-debowski.pl\/infrastruktura_drogowa\/de\/wp-content\/uploads\/2024\/01\/Realizacja-nr-1-foto-3-770x750.jpeg 770w, https:\/\/flora-debowski.pl\/infrastruktura_drogowa\/de\/wp-content\/uploads\/2024\/01\/Realizacja-nr-1-foto-3-390x380.jpeg 390w, https:\/\/flora-debowski.pl\/infrastruktura_drogowa\/de\/wp-content\/uploads\/2024\/01\/Realizacja-nr-1-foto-3-425x415.jpeg 425w\" sizes=\"(max-width: 770px) 100vw, 770px\" \/><\/a>\n\t\t\t<\/div><\/figure>\n\t\t<\/div>\n\t\t<\/div>\n\t\t\t\t\t\t<\/div>\n\t\t\t\t<\/div>\n\t\t\t\t\t<\/div>\n\t\t\t\t<\/div>\n\t\t<div class=\"elementor-element elementor-element-0c47d58 e-flex e-con-boxed e-con e-parent\" data-id=\"0c47d58\" data-element_type=\"container\" data-e-type=\"container\" data-settings=\"{&quot;jet_parallax_layout_list&quot;:[]}\">\n\t\t\t\t\t<div class=\"e-con-inner\">\n\t\t\t\t<div class=\"elementor-element elementor-element-0df88fb elementor-widget elementor-widget-text-editor\" data-id=\"0df88fb\" data-element_type=\"widget\" data-e-type=\"widget\" data-widget_type=\"text-editor.default\">\n\t\t\t\t<div class=\"elementor-widget-container\">\n\t\t\t\t\t\t\t\t\t<strong>Planung und Bau der Stra\u00dfe S3 Legnica (A4)-Lubawka, Aufgabe IV von der Anschlussstelle Kamienna G\u00f3ra P\u00f3\u0142noc (mit der Anschlussstelle) bis zur Staatsgrenze, ca. 15,3 km lang.<\/strong>\t\t\t\t\t\t\t\t<\/div>\n\t\t\t\t<\/div>\n\t\t\t\t\t<\/div>\n\t\t\t\t<\/div>\n\t\t\t\t<\/div>\n\t\t","protected":false},"excerpt":{"rendered":"<p>Planung und Bau der Stra\u00dfe S3 Legnica (A4)-Lubawka, Aufgabe IV von der Anschlussstelle Kamienna G\u00f3ra P\u00f3\u0142noc (mit der Anschlussstelle) bis zur Staatsgrenze, ca. 15,3 km lang.<\/p>\n","protected":false},"author":1,"featured_media":0,"parent":0,"menu_order":0,"comment_status":"closed","ping_status":"closed","template":"page-templates\/fullwidth-content.php","meta":{"footnotes":""},"class_list":["post-1250","page","type-page","status-publish","hentry","no-thumb"],"_links":{"self":[{"href":"https:\/\/flora-debowski.pl\/infrastruktura_drogowa\/de\/wp-json\/wp\/v2\/pages\/1250","targetHints":{"allow":["GET"]}}],"collection":[{"href":"https:\/\/flora-debowski.pl\/infrastruktura_drogowa\/de\/wp-json\/wp\/v2\/pages"}],"about":[{"href":"https:\/\/flora-debowski.pl\/infrastruktura_drogowa\/de\/wp-json\/wp\/v2\/types\/page"}],"author":[{"embeddable":true,"href":"https:\/\/flora-debowski.pl\/infrastruktura_drogowa\/de\/wp-json\/wp\/v2\/users\/1"}],"replies":[{"embeddable":true,"href":"https:\/\/flora-debowski.pl\/infrastruktura_drogowa\/de\/wp-json\/wp\/v2\/comments?post=1250"}],"version-history":[{"count":19,"href":"https:\/\/flora-debowski.pl\/infrastruktura_drogowa\/de\/wp-json\/wp\/v2\/pages\/1250\/revisions"}],"predecessor-version":[{"id":1809,"href":"https:\/\/flora-debowski.pl\/infrastruktura_drogowa\/de\/wp-json\/wp\/v2\/pages\/1250\/revisions\/1809"}],"wp:attachment":[{"href":"https:\/\/flora-debowski.pl\/infrastruktura_drogowa\/de\/wp-json\/wp\/v2\/media?parent=1250"}],"curies":[{"name":"wp","href":"https:\/\/api.w.org\/{rel}","templated":true}]}}