{"id":1264,"date":"2024-01-18T11:30:15","date_gmt":"2024-01-18T10:30:15","guid":{"rendered":"https:\/\/flora-debowski.pl\/infrastruktura_drogowa\/?page_id=1264"},"modified":"2024-02-12T12:29:47","modified_gmt":"2024-02-12T11:29:47","slug":"realizacja-2","status":"publish","type":"page","link":"https:\/\/flora-debowski.pl\/infrastruktura_drogowa\/realizacja-2\/","title":{"rendered":"Realizacja 2"},"content":{"rendered":"\t\t<div data-elementor-type=\"wp-page\" data-elementor-id=\"1264\" class=\"elementor elementor-1264\">\n\t\t\t\t<div class=\"elementor-element elementor-element-81b8357 e-flex e-con-boxed e-con e-parent\" data-id=\"81b8357\" data-element_type=\"container\" data-e-type=\"container\">\n\t\t\t\t\t<div class=\"e-con-inner\">\n\t\t\t\t<div class=\"elementor-element elementor-element-e04ce0a gallery-spacing-custom elementor-widget elementor-widget-image-gallery\" data-id=\"e04ce0a\" data-element_type=\"widget\" data-e-type=\"widget\" data-widget_type=\"image-gallery.default\">\n\t\t\t\t<div class=\"elementor-widget-container\">\n\t\t\t\t\t\t\t<div class=\"elementor-image-gallery\">\n\t\t\t<div id='gallery-1' class='gallery galleryid-1264 gallery-columns-4 gallery-size-2048x2048'><figure class='gallery-item'>\n\t\t\t<div class='gallery-icon landscape'>\n\t\t\t\t<a data-elementor-open-lightbox=\"yes\" data-elementor-lightbox-slideshow=\"e04ce0a\" data-elementor-lightbox-title=\"Realizacja nr 2 foto 1\" data-e-action-hash=\"#elementor-action%3Aaction%3Dlightbox%26settings%3DeyJpZCI6MTI2NiwidXJsIjoiaHR0cHM6XC9cL2Zsb3JhLWRlYm93c2tpLnBsXC9pbmZyYXN0cnVrdHVyYV9kcm9nb3dhXC93cC1jb250ZW50XC91cGxvYWRzXC8yMDI0XC8wMVwvUmVhbGl6YWNqYS1uci0yLWZvdG8tMS0xLmpwZWciLCJzbGlkZXNob3ciOiJlMDRjZTBhIn0%3D\" href='https:\/\/flora-debowski.pl\/infrastruktura_drogowa\/wp-content\/uploads\/2024\/01\/Realizacja-nr-2-foto-1-1.jpeg'><img fetchpriority=\"high\" decoding=\"async\" width=\"1923\" height=\"1442\" src=\"https:\/\/flora-debowski.pl\/infrastruktura_drogowa\/wp-content\/uploads\/2024\/01\/Realizacja-nr-2-foto-1-1.jpeg\" class=\"attachment-2048x2048 size-2048x2048\" alt=\"\" srcset=\"https:\/\/flora-debowski.pl\/infrastruktura_drogowa\/wp-content\/uploads\/2024\/01\/Realizacja-nr-2-foto-1-1.jpeg 1923w, https:\/\/flora-debowski.pl\/infrastruktura_drogowa\/wp-content\/uploads\/2024\/01\/Realizacja-nr-2-foto-1-1-300x225.jpeg 300w, https:\/\/flora-debowski.pl\/infrastruktura_drogowa\/wp-content\/uploads\/2024\/01\/Realizacja-nr-2-foto-1-1-1024x768.jpeg 1024w, https:\/\/flora-debowski.pl\/infrastruktura_drogowa\/wp-content\/uploads\/2024\/01\/Realizacja-nr-2-foto-1-1-768x576.jpeg 768w, https:\/\/flora-debowski.pl\/infrastruktura_drogowa\/wp-content\/uploads\/2024\/01\/Realizacja-nr-2-foto-1-1-1536x1152.jpeg 1536w, https:\/\/flora-debowski.pl\/infrastruktura_drogowa\/wp-content\/uploads\/2024\/01\/Realizacja-nr-2-foto-1-1-370x277.jpeg 370w\" sizes=\"(max-width: 1923px) 100vw, 1923px\" \/><\/a>\n\t\t\t<\/div><\/figure><figure class='gallery-item'>\n\t\t\t<div class='gallery-icon landscape'>\n\t\t\t\t<a data-elementor-open-lightbox=\"yes\" data-elementor-lightbox-slideshow=\"e04ce0a\" data-elementor-lightbox-title=\"Realizacja nr 2 foto 2\" data-e-action-hash=\"#elementor-action%3Aaction%3Dlightbox%26settings%3DeyJpZCI6MTI2NywidXJsIjoiaHR0cHM6XC9cL2Zsb3JhLWRlYm93c2tpLnBsXC9pbmZyYXN0cnVrdHVyYV9kcm9nb3dhXC93cC1jb250ZW50XC91cGxvYWRzXC8yMDI0XC8wMVwvUmVhbGl6YWNqYS1uci0yLWZvdG8tMi5qcGVnIiwic2xpZGVzaG93IjoiZTA0Y2UwYSJ9\" href='https:\/\/flora-debowski.pl\/infrastruktura_drogowa\/wp-content\/uploads\/2024\/01\/Realizacja-nr-2-foto-2.jpeg'><img decoding=\"async\" width=\"1600\" height=\"1200\" src=\"https:\/\/flora-debowski.pl\/infrastruktura_drogowa\/wp-content\/uploads\/2024\/01\/Realizacja-nr-2-foto-2.jpeg\" class=\"attachment-2048x2048 size-2048x2048\" alt=\"\" srcset=\"https:\/\/flora-debowski.pl\/infrastruktura_drogowa\/wp-content\/uploads\/2024\/01\/Realizacja-nr-2-foto-2.jpeg 1600w, https:\/\/flora-debowski.pl\/infrastruktura_drogowa\/wp-content\/uploads\/2024\/01\/Realizacja-nr-2-foto-2-300x225.jpeg 300w, https:\/\/flora-debowski.pl\/infrastruktura_drogowa\/wp-content\/uploads\/2024\/01\/Realizacja-nr-2-foto-2-1024x768.jpeg 1024w, https:\/\/flora-debowski.pl\/infrastruktura_drogowa\/wp-content\/uploads\/2024\/01\/Realizacja-nr-2-foto-2-768x576.jpeg 768w, https:\/\/flora-debowski.pl\/infrastruktura_drogowa\/wp-content\/uploads\/2024\/01\/Realizacja-nr-2-foto-2-1536x1152.jpeg 1536w, https:\/\/flora-debowski.pl\/infrastruktura_drogowa\/wp-content\/uploads\/2024\/01\/Realizacja-nr-2-foto-2-370x278.jpeg 370w\" sizes=\"(max-width: 1600px) 100vw, 1600px\" \/><\/a>\n\t\t\t<\/div><\/figure><figure class='gallery-item'>\n\t\t\t<div class='gallery-icon landscape'>\n\t\t\t\t<a data-elementor-open-lightbox=\"yes\" data-elementor-lightbox-slideshow=\"e04ce0a\" data-elementor-lightbox-title=\"Realizacja nr 2 foto 3\" data-e-action-hash=\"#elementor-action%3Aaction%3Dlightbox%26settings%3DeyJpZCI6MTI2OCwidXJsIjoiaHR0cHM6XC9cL2Zsb3JhLWRlYm93c2tpLnBsXC9pbmZyYXN0cnVrdHVyYV9kcm9nb3dhXC93cC1jb250ZW50XC91cGxvYWRzXC8yMDI0XC8wMVwvUmVhbGl6YWNqYS1uci0yLWZvdG8tMy5qcGVnIiwic2xpZGVzaG93IjoiZTA0Y2UwYSJ9\" href='https:\/\/flora-debowski.pl\/infrastruktura_drogowa\/wp-content\/uploads\/2024\/01\/Realizacja-nr-2-foto-3.jpeg'><img decoding=\"async\" width=\"1600\" height=\"1200\" src=\"https:\/\/flora-debowski.pl\/infrastruktura_drogowa\/wp-content\/uploads\/2024\/01\/Realizacja-nr-2-foto-3.jpeg\" class=\"attachment-2048x2048 size-2048x2048\" alt=\"\" srcset=\"https:\/\/flora-debowski.pl\/infrastruktura_drogowa\/wp-content\/uploads\/2024\/01\/Realizacja-nr-2-foto-3.jpeg 1600w, https:\/\/flora-debowski.pl\/infrastruktura_drogowa\/wp-content\/uploads\/2024\/01\/Realizacja-nr-2-foto-3-300x225.jpeg 300w, https:\/\/flora-debowski.pl\/infrastruktura_drogowa\/wp-content\/uploads\/2024\/01\/Realizacja-nr-2-foto-3-1024x768.jpeg 1024w, https:\/\/flora-debowski.pl\/infrastruktura_drogowa\/wp-content\/uploads\/2024\/01\/Realizacja-nr-2-foto-3-768x576.jpeg 768w, https:\/\/flora-debowski.pl\/infrastruktura_drogowa\/wp-content\/uploads\/2024\/01\/Realizacja-nr-2-foto-3-1536x1152.jpeg 1536w, https:\/\/flora-debowski.pl\/infrastruktura_drogowa\/wp-content\/uploads\/2024\/01\/Realizacja-nr-2-foto-3-370x278.jpeg 370w\" sizes=\"(max-width: 1600px) 100vw, 1600px\" \/><\/a>\n\t\t\t<\/div><\/figure><figure class='gallery-item'>\n\t\t\t<div class='gallery-icon landscape'>\n\t\t\t\t<a data-elementor-open-lightbox=\"yes\" data-elementor-lightbox-slideshow=\"e04ce0a\" data-elementor-lightbox-title=\"Realizacja nr 2 foto 4\" data-e-action-hash=\"#elementor-action%3Aaction%3Dlightbox%26settings%3DeyJpZCI6MTI2OSwidXJsIjoiaHR0cHM6XC9cL2Zsb3JhLWRlYm93c2tpLnBsXC9pbmZyYXN0cnVrdHVyYV9kcm9nb3dhXC93cC1jb250ZW50XC91cGxvYWRzXC8yMDI0XC8wMVwvUmVhbGl6YWNqYS1uci0yLWZvdG8tNC5qcGVnIiwic2xpZGVzaG93IjoiZTA0Y2UwYSJ9\" href='https:\/\/flora-debowski.pl\/infrastruktura_drogowa\/wp-content\/uploads\/2024\/01\/Realizacja-nr-2-foto-4.jpeg'><img loading=\"lazy\" decoding=\"async\" width=\"1200\" height=\"941\" src=\"https:\/\/flora-debowski.pl\/infrastruktura_drogowa\/wp-content\/uploads\/2024\/01\/Realizacja-nr-2-foto-4.jpeg\" class=\"attachment-2048x2048 size-2048x2048\" alt=\"\" srcset=\"https:\/\/flora-debowski.pl\/infrastruktura_drogowa\/wp-content\/uploads\/2024\/01\/Realizacja-nr-2-foto-4.jpeg 1200w, https:\/\/flora-debowski.pl\/infrastruktura_drogowa\/wp-content\/uploads\/2024\/01\/Realizacja-nr-2-foto-4-300x235.jpeg 300w, https:\/\/flora-debowski.pl\/infrastruktura_drogowa\/wp-content\/uploads\/2024\/01\/Realizacja-nr-2-foto-4-1024x803.jpeg 1024w, https:\/\/flora-debowski.pl\/infrastruktura_drogowa\/wp-content\/uploads\/2024\/01\/Realizacja-nr-2-foto-4-768x602.jpeg 768w, https:\/\/flora-debowski.pl\/infrastruktura_drogowa\/wp-content\/uploads\/2024\/01\/Realizacja-nr-2-foto-4-370x290.jpeg 370w\" sizes=\"(max-width: 1200px) 100vw, 1200px\" \/><\/a>\n\t\t\t<\/div><\/figure>\n\t\t<\/div>\n\t\t<\/div>\n\t\t\t\t\t\t<\/div>\n\t\t\t\t<\/div>\n\t\t\t\t\t<\/div>\n\t\t\t\t<\/div>\n\t\t<div class=\"elementor-element elementor-element-bfe5d00 e-flex e-con-boxed e-con e-parent\" data-id=\"bfe5d00\" data-element_type=\"container\" data-e-type=\"container\">\n\t\t\t\t\t<div class=\"e-con-inner\">\n\t\t\t\t<div class=\"elementor-element elementor-element-839ba14 elementor-widget elementor-widget-text-editor\" data-id=\"839ba14\" data-element_type=\"widget\" data-e-type=\"widget\" data-widget_type=\"text-editor.default\">\n\t\t\t\t<div class=\"elementor-widget-container\">\n\t\t\t\t\t\t\t\t\t<p><strong>Zaprojektowanie i budowa drogi ekspresowej S52 odc.P\u00f3\u0142nocna Obwodnica Krakowa: w\u0119ze\u0142 Modlnica-w\u0119ze\u0142 Mistrzejowice (bez w\u0119z\u0142a).<\/strong><\/p>\t\t\t\t\t\t\t\t<\/div>\n\t\t\t\t<\/div>\n\t\t\t\t\t<\/div>\n\t\t\t\t<\/div>\n\t\t\t\t<\/div>\n\t\t","protected":false},"excerpt":{"rendered":"<p>Zaprojektowanie i budowa drogi ekspresowej S52 odc.P\u00f3\u0142nocna Obwodnica Krakowa: w\u0119ze\u0142 Modlnica-w\u0119ze\u0142 Mistrzejowice (bez w\u0119z\u0142a).<\/p>\n","protected":false},"author":1,"featured_media":0,"parent":0,"menu_order":0,"comment_status":"closed","ping_status":"closed","template":"page-templates\/fullwidth-content.php","meta":{"rs_blank_template":"","rs_page_bg_color":"","slide_template_v7":"","footnotes":""},"class_list":["post-1264","page","type-page","status-publish","hentry","no-thumb"],"_links":{"self":[{"href":"https:\/\/flora-debowski.pl\/infrastruktura_drogowa\/wp-json\/wp\/v2\/pages\/1264","targetHints":{"allow":["GET"]}}],"collection":[{"href":"https:\/\/flora-debowski.pl\/infrastruktura_drogowa\/wp-json\/wp\/v2\/pages"}],"about":[{"href":"https:\/\/flora-debowski.pl\/infrastruktura_drogowa\/wp-json\/wp\/v2\/types\/page"}],"author":[{"embeddable":true,"href":"https:\/\/flora-debowski.pl\/infrastruktura_drogowa\/wp-json\/wp\/v2\/users\/1"}],"replies":[{"embeddable":true,"href":"https:\/\/flora-debowski.pl\/infrastruktura_drogowa\/wp-json\/wp\/v2\/comments?post=1264"}],"version-history":[{"count":8,"href":"https:\/\/flora-debowski.pl\/infrastruktura_drogowa\/wp-json\/wp\/v2\/pages\/1264\/revisions"}],"predecessor-version":[{"id":1714,"href":"https:\/\/flora-debowski.pl\/infrastruktura_drogowa\/wp-json\/wp\/v2\/pages\/1264\/revisions\/1714"}],"wp:attachment":[{"href":"https:\/\/flora-debowski.pl\/infrastruktura_drogowa\/wp-json\/wp\/v2\/media?parent=1264"}],"curies":[{"name":"wp","href":"https:\/\/api.w.org\/{rel}","templated":true}]}}