{"id":795,"date":"2024-01-08T15:41:26","date_gmt":"2024-01-08T14:41:26","guid":{"rendered":"https:\/\/flora-debowski.pl\/infrastruktura_drogowa\/?page_id=795"},"modified":"2024-04-03T22:35:29","modified_gmt":"2024-04-03T20:35:29","slug":"panele-akustyczne-drewniane","status":"publish","type":"page","link":"https:\/\/flora-debowski.pl\/infrastruktura_drogowa\/panele-akustyczne-drewniane\/","title":{"rendered":"PANELE AKUSTYCZNE DREWNIANE"},"content":{"rendered":"\t\t<div data-elementor-type=\"wp-page\" data-elementor-id=\"795\" class=\"elementor elementor-795\">\n\t\t\t\t<div class=\"elementor-element elementor-element-36c2bca e-flex e-con-boxed e-con e-parent\" data-id=\"36c2bca\" data-element_type=\"container\" data-e-type=\"container\">\n\t\t\t\t\t<div class=\"e-con-inner\">\n\t\t\t\t<div class=\"elementor-element elementor-element-367ba72 elementor-arrows-position-inside elementor-pagination-position-outside elementor-widget elementor-widget-image-carousel\" data-id=\"367ba72\" data-element_type=\"widget\" data-e-type=\"widget\" data-settings=\"{&quot;slides_to_show&quot;:&quot;4&quot;,&quot;slides_to_scroll&quot;:&quot;1&quot;,&quot;autoplay_speed&quot;:50,&quot;speed&quot;:1000,&quot;navigation&quot;:&quot;both&quot;,&quot;autoplay&quot;:&quot;yes&quot;,&quot;pause_on_hover&quot;:&quot;yes&quot;,&quot;pause_on_interaction&quot;:&quot;yes&quot;,&quot;infinite&quot;:&quot;yes&quot;}\" data-widget_type=\"image-carousel.default\">\n\t\t\t\t<div class=\"elementor-widget-container\">\n\t\t\t\t\t\t\t<div class=\"elementor-image-carousel-wrapper swiper\" role=\"region\" aria-roledescription=\"carousel\" aria-label=\"Karuzela obrazk\u00f3w\" dir=\"ltr\">\n\t\t\t<div class=\"elementor-image-carousel swiper-wrapper\" aria-live=\"off\">\n\t\t\t\t\t\t\t\t<div class=\"swiper-slide\" role=\"group\" aria-roledescription=\"slide\" aria-label=\"1 z 6\"><figure class=\"swiper-slide-inner\"><img decoding=\"async\" class=\"swiper-slide-image\" src=\"https:\/\/flora-debowski.pl\/infrastruktura_drogowa\/wp-content\/uploads\/2024\/04\/DSCF1548-425x415.jpg\" alt=\"DSCF1548\" \/><\/figure><\/div><div class=\"swiper-slide\" role=\"group\" aria-roledescription=\"slide\" aria-label=\"2 z 6\"><figure class=\"swiper-slide-inner\"><img decoding=\"async\" class=\"swiper-slide-image\" src=\"https:\/\/flora-debowski.pl\/infrastruktura_drogowa\/wp-content\/uploads\/2024\/04\/DSCF1542-1-1-425x415.jpg\" alt=\"DSCF1542 (1)\" \/><\/figure><\/div><div class=\"swiper-slide\" role=\"group\" aria-roledescription=\"slide\" aria-label=\"3 z 6\"><figure class=\"swiper-slide-inner\"><img decoding=\"async\" class=\"swiper-slide-image\" src=\"https:\/\/flora-debowski.pl\/infrastruktura_drogowa\/wp-content\/uploads\/2024\/04\/Przykladowe-panele-425x415.jpg\" alt=\"Przyk\u0142adowe panele\" \/><\/figure><\/div><div class=\"swiper-slide\" role=\"group\" aria-roledescription=\"slide\" aria-label=\"4 z 6\"><figure class=\"swiper-slide-inner\"><img decoding=\"async\" class=\"swiper-slide-image\" src=\"https:\/\/flora-debowski.pl\/infrastruktura_drogowa\/wp-content\/uploads\/2024\/04\/DSC04835-425x415.jpg\" alt=\"DSC04835\" \/><\/figure><\/div><div class=\"swiper-slide\" role=\"group\" aria-roledescription=\"slide\" aria-label=\"5 z 6\"><figure class=\"swiper-slide-inner\"><img decoding=\"async\" class=\"swiper-slide-image\" src=\"https:\/\/flora-debowski.pl\/infrastruktura_drogowa\/wp-content\/uploads\/2023\/12\/11-425x415.jpg\" alt=\"11\" \/><\/figure><\/div><div class=\"swiper-slide\" role=\"group\" aria-roledescription=\"slide\" aria-label=\"6 z 6\"><figure class=\"swiper-slide-inner\"><img decoding=\"async\" class=\"swiper-slide-image\" src=\"https:\/\/flora-debowski.pl\/infrastruktura_drogowa\/wp-content\/uploads\/2024\/04\/DSCF1540-425x415.jpg\" alt=\"DSCF1540\" \/><\/figure><\/div>\t\t\t<\/div>\n\t\t\t\t\t\t\t\t\t\t\t\t<div class=\"elementor-swiper-button elementor-swiper-button-prev\" role=\"button\" tabindex=\"0\">\n\t\t\t\t\t\t<svg aria-hidden=\"true\" class=\"e-font-icon-svg e-eicon-chevron-left\" viewBox=\"0 0 1000 1000\" xmlns=\"http:\/\/www.w3.org\/2000\/svg\"><path d=\"M646 125C629 125 613 133 604 142L308 442C296 454 292 471 292 487 292 504 296 521 308 533L604 854C617 867 629 875 646 875 663 875 679 871 692 858 704 846 713 829 713 812 713 796 708 779 692 767L438 487 692 225C700 217 708 204 708 187 708 171 704 154 692 142 675 129 663 125 646 125Z\"><\/path><\/svg>\t\t\t\t\t<\/div>\n\t\t\t\t\t<div class=\"elementor-swiper-button elementor-swiper-button-next\" role=\"button\" tabindex=\"0\">\n\t\t\t\t\t\t<svg aria-hidden=\"true\" class=\"e-font-icon-svg e-eicon-chevron-right\" viewBox=\"0 0 1000 1000\" xmlns=\"http:\/\/www.w3.org\/2000\/svg\"><path d=\"M696 533C708 521 713 504 713 487 713 471 708 454 696 446L400 146C388 133 375 125 354 125 338 125 325 129 313 142 300 154 292 171 292 187 292 204 296 221 308 233L563 492 304 771C292 783 288 800 288 817 288 833 296 850 308 863 321 871 338 875 354 875 371 875 388 867 400 854L696 533Z\"><\/path><\/svg>\t\t\t\t\t<\/div>\n\t\t\t\t\n\t\t\t\t\t\t\t\t\t<div class=\"swiper-pagination\"><\/div>\n\t\t\t\t\t\t\t\t\t<\/div>\n\t\t\t\t\t\t<\/div>\n\t\t\t\t<\/div>\n\t\t\t\t\t<\/div>\n\t\t\t\t<\/div>\n\t\t<div class=\"elementor-element elementor-element-fec749c e-flex e-con-boxed e-con e-parent\" data-id=\"fec749c\" data-element_type=\"container\" data-e-type=\"container\">\n\t\t\t\t\t<div class=\"e-con-inner\">\n\t\t\t\t<div class=\"elementor-element elementor-element-27c4480 elementor-widget elementor-widget-text-editor\" data-id=\"27c4480\" data-element_type=\"widget\" data-e-type=\"widget\" data-widget_type=\"text-editor.default\">\n\t\t\t\t<div class=\"elementor-widget-container\">\n\t\t\t\t\t\t\t\t\t<div class=\"template-page content av-content-full alpha units\"><div class=\"post-entry post-entry-type-page post-entry-13\"><div class=\"entry-content-wrapper clearfix\"><section class=\"av_textblock_section\"><div class=\"avia_textblock \"><div class=\"template-page content av-content-full alpha units\"><div class=\"post-entry post-entry-type-page post-entry-13\"><div class=\"entry-content-wrapper clearfix\"><section class=\"av_textblock_section\"><div class=\"avia_textblock \"><h3 style=\"text-align: center;\" data-wpview-marker=\"https%3A%2F%2Fflora-bis.pl%2Fwp-content%2Fuploads%2F2021%2F05%2FDSC04844-1500x1372.jpg\"><em><span style=\"color: #008000;\"><strong>PANELE AKUSTYCZNE DREWNIANE<\/strong><\/span><\/em><\/h3><p>List\u0119 produkowanych przez nas paneli akustycznych s\u0142u\u017c\u0105cych do budowy ekran\u00f3w akustycznych uzupe\u0142niaj\u0105 panele akustyczne drewniane. Panel taki zbudowany jest z ramy\u00a0 drewnianej 130\/68 mm. Od strony ha\u0142asu znajduj\u0105 si\u0119 listwy grubo\u015bci 28 mm w rozstawie i szeroko\u015bci zakrywaj\u0105cej minimum 50% powierzchni przedniej \u015bciany panelu (standardowa szeroko\u015b\u0107 listwy 55 mm rozstaw 55 mm). Tylna \u015bciana panelu pe\u0142na, zbudowana jest\u00a0 z desek gr. 28 mm po\u0142\u0105czonych ze sob\u0105 na \u201epi\u00f3ro \u2013 wpust\u201d. Wype\u0142nienie panelu od strony poch\u0142aniaj\u0105cej stanowi tkanina techniczna, we\u0142na mineralna o odpowiedniej g\u0119sto\u015bci i grubo\u015bci oraz szczelina powietrzna.<\/p><p>Do produkcji paneli stosujemy drewno: \u015bwierk lub sosn\u0119, zgodne z PN-D-94021:2013<\/p><ul><li>Klasa wytrzyma\u0142o\u015bci \u2013 zgodna z C24 wg PN EN 338:2003<\/li><li>Wady drewna \u2013 klasa \u015brednia wg PN-D-94021:2013<\/li><li>Brak p\u0119kni\u0119\u0107 wykraczaj\u0105cych poza wymagania okre\u015blone dla klasy \u015bredniej drewna wg PN-D-94021:2013<\/li><li>S\u0119ki zgodne z PN-D-94021:2013<\/li><li>Skr\u0119t w\u0142\u00f3kien \u2013 nie wi\u0119kszy ni\u017c 5%<\/li><li>Sinizna: dopuszczalna zanikaj\u0105ca przy struganiu, nie dopuszczalna inna forma i rodzaj pora\u017cenia przez grzyby<\/li><li>Wilgotno\u015b\u0107 \u2013 ok. 23% wg PN-D-94021:2013 w stanie powietrzno-suchym<\/li><\/ul><p>(Wilgotno\u015b\u0107 materia\u0142u w stanie powietrzno-suchym to stan r\u00f3wnowagi jaki ustala si\u0119 w d\u0142u\u017cszym okresie czasu w warunkach normalnej eksploatacji)<\/p><p>Drewno jest zabezpieczone impregnacj\u0105 ci\u015bnieniow\u0105 przed:<\/p><ul><li>Wilgoci\u0105<\/li><li>Korozja biologiczn\u0105<\/li><li>Agresywnym \u015brodowiskiem chemicznym<\/li><li>Dzia\u0142aniem ognia<\/li><li>Kolor panelu: (po impregnacji odcie\u0144 zielony, po ok. 6 miesi\u0105cach przechodz\u0105cy w br\u0105zowo-szary). Dowolny kolor drewna mo\u017cna uzyska\u0107 przez pomalowanie zestawem farb do drewna.<\/li><\/ul><p>Panele posiadaj\u0105 certyfikat CE potwierdzony raportem instytutu TSUS \u2013 Building Testing and Research Institute In Bratislava.<\/p><p><strong>Parametry akustyczne paneli:<\/strong><\/p><table border=\"1\"><tbody><tr><td><strong>Parametr akustyczny<\/strong><\/td><td><strong>[dB]<\/strong><\/td><td><strong>\u00a0 Klasa \u00a0<\/strong><\/td><\/tr><tr><td>\u00a0 Jednoliczbowy wska\u017anik wa\u017cony izolacyjno\u015bci wska\u017aniki R<sub>w<\/sub>:<\/td><td>\u00a0\u00a038 dB<\/td><td>\u00a0<\/td><\/tr><tr><td>\u00a0 Jednoliczbowy wska\u017anik oceny izolacyjno\u015bci od d\u017awi\u0119k\u00f3w powietrznych \u0394L<sub>R<\/sub>:<\/td><td>\u00a0\u00a0 33 dB<\/td><td>\u00a0\u00a0\u00a0 B3<\/td><\/tr><tr><td>\u00a0 Jednoliczbowy wska\u017anik oceny poch\u0142aniania d\u017awi\u0119ku \u0394L<sub>a<\/sub>:<\/td><td>\u00a0\u00a0 10 dB<\/td><td>\u00a0\u00a0\u00a0 A3<\/td><\/tr><\/tbody><\/table><p><strong>Parametry techniczne paneli:<\/strong><\/p><p>Grubo\u015b\u0107 panelu: 130 mm przeznaczony g\u0142ownie do monta\u017cu w s\u0142upach dwuteowych HEB\/HEA 160. Przy monta\u017cu w s\u0142upach wi\u0119kszych ni\u017c HEB\/HEA 160 stosujemy elementy dystansowe.<br \/>Wysoko\u015b\u0107 panelu: do 2 000 mm<br \/>D\u0142ugo\u015b\u0107 panelu: do 4 000 mm<\/p><p><strong>Du\u017c\u0105 zalet\u0105 paneli poch\u0142aniaj\u0105cych drewnianych jest ich wysoka izolacyjno\u015b\u0107 oraz modu\u0142owo\u015b\u0107 systemu pozwalaj\u0105ca na \u0142\u0105czenie paneli z innymi odmianami np.: panelami aluminiowymi, transparentnymi czy panelami typu Zielona \u015aciana.<\/strong><\/p><\/div><\/section><\/div><\/div><\/div><\/div><\/section><\/div><\/div><\/div>\t\t\t\t\t\t\t\t<\/div>\n\t\t\t\t<\/div>\n\t\t\t\t\t<\/div>\n\t\t\t\t<\/div>\n\t\t<div class=\"elementor-element elementor-element-64aaf76 e-flex e-con-boxed e-con e-parent\" data-id=\"64aaf76\" data-element_type=\"container\" data-e-type=\"container\">\n\t\t\t\t\t<div class=\"e-con-inner\">\n\t\t\t\t<div class=\"elementor-element elementor-element-037ffdb elementor-widget elementor-widget-image\" data-id=\"037ffdb\" data-element_type=\"widget\" data-e-type=\"widget\" data-widget_type=\"image.default\">\n\t\t\t\t<div class=\"elementor-widget-container\">\n\t\t\t\t\t\t\t\t\t\t\t\t\t\t\t<img fetchpriority=\"high\" decoding=\"async\" width=\"1024\" height=\"691\" src=\"https:\/\/flora-debowski.pl\/infrastruktura_drogowa\/wp-content\/uploads\/2024\/04\/4_0000-Copy-1024x691.png\" class=\"attachment-large size-large wp-image-1522\" alt=\"\" srcset=\"https:\/\/flora-debowski.pl\/infrastruktura_drogowa\/wp-content\/uploads\/2024\/04\/4_0000-Copy-1024x691.png 1024w, https:\/\/flora-debowski.pl\/infrastruktura_drogowa\/wp-content\/uploads\/2024\/04\/4_0000-Copy-300x202.png 300w, https:\/\/flora-debowski.pl\/infrastruktura_drogowa\/wp-content\/uploads\/2024\/04\/4_0000-Copy-768x518.png 768w, https:\/\/flora-debowski.pl\/infrastruktura_drogowa\/wp-content\/uploads\/2024\/04\/4_0000-Copy-370x250.png 370w, https:\/\/flora-debowski.pl\/infrastruktura_drogowa\/wp-content\/uploads\/2024\/04\/4_0000-Copy.png 1536w\" sizes=\"(max-width: 1024px) 100vw, 1024px\" \/>\t\t\t\t\t\t\t\t\t\t\t\t\t\t\t<\/div>\n\t\t\t\t<\/div>\n\t\t\t\t\t<\/div>\n\t\t\t\t<\/div>\n\t\t\t\t<section class=\"elementor-section elementor-top-section elementor-element elementor-element-3b084169 animated-slow elementor-section-boxed elementor-section-height-default elementor-section-height-default elementor-invisible\" data-id=\"3b084169\" data-element_type=\"section\" data-e-type=\"section\" data-settings=\"{&quot;animation&quot;:&quot;fadeInUp&quot;}\">\n\t\t\t\t\t\t<div class=\"elementor-container elementor-column-gap-default\">\n\t\t\t\t\t<div class=\"elementor-column elementor-col-50 elementor-top-column elementor-element elementor-element-38ebbfb0\" data-id=\"38ebbfb0\" data-element_type=\"column\" data-e-type=\"column\">\n\t\t\t<div class=\"elementor-widget-wrap elementor-element-populated\">\n\t\t\t\t\t\t<div class=\"elementor-element elementor-element-4399841b elementor-widget-divider--view-line elementor-widget elementor-widget-divider\" data-id=\"4399841b\" data-element_type=\"widget\" data-e-type=\"widget\" data-widget_type=\"divider.default\">\n\t\t\t\t<div class=\"elementor-widget-container\">\n\t\t\t\t\t\t\t<div class=\"elementor-divider\">\n\t\t\t<span class=\"elementor-divider-separator\">\n\t\t\t\t\t\t<\/span>\n\t\t<\/div>\n\t\t\t\t\t\t<\/div>\n\t\t\t\t<\/div>\n\t\t\t\t<div class=\"elementor-element elementor-element-6cccb5b5 elementor-widget elementor-widget-text-editor\" data-id=\"6cccb5b5\" data-element_type=\"widget\" data-e-type=\"widget\" data-widget_type=\"text-editor.default\">\n\t\t\t\t<div class=\"elementor-widget-container\">\n\t\t\t\t\t\t\t\t\tRealizujemy projekty, dostawy i monta\u017c dla generalnych wykonawc\u00f3w kontrakt\u00f3w drogowych, autostradowych i kolejowych jak: \t\t\t\t\t\t\t\t<\/div>\n\t\t\t\t<\/div>\n\t\t\t\t<div class=\"elementor-element elementor-element-16d7fff elementor-pagination-position-outside elementor-widget elementor-widget-image-carousel\" data-id=\"16d7fff\" data-element_type=\"widget\" data-e-type=\"widget\" data-settings=\"{&quot;slides_to_show&quot;:&quot;3&quot;,&quot;slides_to_scroll&quot;:&quot;2&quot;,&quot;navigation&quot;:&quot;dots&quot;,&quot;image_spacing_custom&quot;:{&quot;unit&quot;:&quot;px&quot;,&quot;size&quot;:36,&quot;sizes&quot;:[]},&quot;autoplay&quot;:&quot;yes&quot;,&quot;pause_on_hover&quot;:&quot;yes&quot;,&quot;pause_on_interaction&quot;:&quot;yes&quot;,&quot;autoplay_speed&quot;:5000,&quot;infinite&quot;:&quot;yes&quot;,&quot;speed&quot;:500,&quot;image_spacing_custom_tablet&quot;:{&quot;unit&quot;:&quot;px&quot;,&quot;size&quot;:&quot;&quot;,&quot;sizes&quot;:[]},&quot;image_spacing_custom_mobile&quot;:{&quot;unit&quot;:&quot;px&quot;,&quot;size&quot;:&quot;&quot;,&quot;sizes&quot;:[]}}\" data-widget_type=\"image-carousel.default\">\n\t\t\t\t<div class=\"elementor-widget-container\">\n\t\t\t\t\t\t\t<div class=\"elementor-image-carousel-wrapper swiper\" role=\"region\" aria-roledescription=\"carousel\" aria-label=\"Karuzela obrazk\u00f3w\" dir=\"ltr\">\n\t\t\t<div class=\"elementor-image-carousel swiper-wrapper\" aria-live=\"off\">\n\t\t\t\t\t\t\t\t<div class=\"swiper-slide\" role=\"group\" aria-roledescription=\"slide\" aria-label=\"1 z 12\"><figure class=\"swiper-slide-inner\"><img decoding=\"async\" class=\"swiper-slide-image\" src=\"https:\/\/flora-debowski.pl\/infrastruktura_drogowa\/wp-content\/uploads\/2024\/01\/logo_7.jpg\" alt=\"logo_7\" \/><\/figure><\/div><div class=\"swiper-slide\" role=\"group\" aria-roledescription=\"slide\" aria-label=\"2 z 12\"><figure class=\"swiper-slide-inner\"><img decoding=\"async\" class=\"swiper-slide-image\" src=\"https:\/\/flora-debowski.pl\/infrastruktura_drogowa\/wp-content\/uploads\/2023\/12\/q1.jpg\" alt=\"q1\" \/><\/figure><\/div><div class=\"swiper-slide\" role=\"group\" aria-roledescription=\"slide\" aria-label=\"3 z 12\"><figure class=\"swiper-slide-inner\"><img decoding=\"async\" class=\"swiper-slide-image\" src=\"https:\/\/flora-debowski.pl\/infrastruktura_drogowa\/wp-content\/uploads\/2023\/12\/q2.jpg\" alt=\"q2\" \/><\/figure><\/div><div class=\"swiper-slide\" role=\"group\" aria-roledescription=\"slide\" aria-label=\"4 z 12\"><figure class=\"swiper-slide-inner\"><img decoding=\"async\" class=\"swiper-slide-image\" src=\"https:\/\/flora-debowski.pl\/infrastruktura_drogowa\/wp-content\/uploads\/2023\/12\/q3.png\" alt=\"q3\" \/><\/figure><\/div><div class=\"swiper-slide\" role=\"group\" aria-roledescription=\"slide\" aria-label=\"5 z 12\"><figure class=\"swiper-slide-inner\"><img decoding=\"async\" class=\"swiper-slide-image\" src=\"https:\/\/flora-debowski.pl\/infrastruktura_drogowa\/wp-content\/uploads\/2023\/12\/q4.png\" alt=\"q4\" \/><\/figure><\/div><div class=\"swiper-slide\" role=\"group\" aria-roledescription=\"slide\" aria-label=\"6 z 12\"><figure class=\"swiper-slide-inner\"><img decoding=\"async\" class=\"swiper-slide-image\" src=\"https:\/\/flora-debowski.pl\/infrastruktura_drogowa\/wp-content\/uploads\/2023\/12\/q5.jpg\" alt=\"q5\" \/><\/figure><\/div><div class=\"swiper-slide\" role=\"group\" aria-roledescription=\"slide\" aria-label=\"7 z 12\"><figure class=\"swiper-slide-inner\"><img decoding=\"async\" class=\"swiper-slide-image\" src=\"https:\/\/flora-debowski.pl\/infrastruktura_drogowa\/wp-content\/uploads\/2023\/12\/q6.png\" alt=\"q6\" \/><\/figure><\/div><div class=\"swiper-slide\" role=\"group\" aria-roledescription=\"slide\" aria-label=\"8 z 12\"><figure class=\"swiper-slide-inner\"><img decoding=\"async\" class=\"swiper-slide-image\" src=\"https:\/\/flora-debowski.pl\/infrastruktura_drogowa\/wp-content\/uploads\/2023\/12\/a7.png\" alt=\"a7\" \/><\/figure><\/div><div class=\"swiper-slide\" role=\"group\" aria-roledescription=\"slide\" aria-label=\"9 z 12\"><figure class=\"swiper-slide-inner\"><img decoding=\"async\" class=\"swiper-slide-image\" src=\"https:\/\/flora-debowski.pl\/infrastruktura_drogowa\/wp-content\/uploads\/2023\/12\/a8.png\" alt=\"a8\" \/><\/figure><\/div><div class=\"swiper-slide\" role=\"group\" aria-roledescription=\"slide\" aria-label=\"10 z 12\"><figure class=\"swiper-slide-inner\"><img decoding=\"async\" class=\"swiper-slide-image\" src=\"https:\/\/flora-debowski.pl\/infrastruktura_drogowa\/wp-content\/uploads\/2023\/12\/q9.webp\" alt=\"q9\" \/><\/figure><\/div><div class=\"swiper-slide\" role=\"group\" aria-roledescription=\"slide\" aria-label=\"11 z 12\"><figure class=\"swiper-slide-inner\"><img decoding=\"async\" class=\"swiper-slide-image\" src=\"https:\/\/flora-debowski.pl\/infrastruktura_drogowa\/wp-content\/uploads\/2023\/12\/q10.jpg\" alt=\"q10\" \/><\/figure><\/div><div class=\"swiper-slide\" role=\"group\" aria-roledescription=\"slide\" aria-label=\"12 z 12\"><figure class=\"swiper-slide-inner\"><img decoding=\"async\" class=\"swiper-slide-image\" src=\"https:\/\/flora-debowski.pl\/infrastruktura_drogowa\/wp-content\/uploads\/2023\/12\/q10.png\" alt=\"q10\" \/><\/figure><\/div>\t\t\t<\/div>\n\t\t\t\t\t\t\t\n\t\t\t\t\t\t\t\t\t<div class=\"swiper-pagination\"><\/div>\n\t\t\t\t\t\t\t\t\t<\/div>\n\t\t\t\t\t\t<\/div>\n\t\t\t\t<\/div>\n\t\t\t\t<div class=\"elementor-element elementor-element-5870c8c4 elementor-widget elementor-widget-text-editor\" data-id=\"5870c8c4\" data-element_type=\"widget\" data-e-type=\"widget\" data-widget_type=\"text-editor.default\">\n\t\t\t\t<div class=\"elementor-widget-container\">\n\t\t\t\t\t\t\t\t\t<p>A tak\u017ce bezpo\u015brednio dla Generalnej Dyrekcji Dr\u00f3g Krajowych i Autostrad oraz PKP PLK.<\/p>\t\t\t\t\t\t\t\t<\/div>\n\t\t\t\t<\/div>\n\t\t\t\t<div class=\"elementor-element elementor-element-40274443 elementor-widget-divider--view-line elementor-widget elementor-widget-divider\" data-id=\"40274443\" data-element_type=\"widget\" data-e-type=\"widget\" data-widget_type=\"divider.default\">\n\t\t\t\t<div class=\"elementor-widget-container\">\n\t\t\t\t\t\t\t<div class=\"elementor-divider\">\n\t\t\t<span class=\"elementor-divider-separator\">\n\t\t\t\t\t\t<\/span>\n\t\t<\/div>\n\t\t\t\t\t\t<\/div>\n\t\t\t\t<\/div>\n\t\t\t\t\t<\/div>\n\t\t<\/div>\n\t\t\t\t<div class=\"elementor-column elementor-col-50 elementor-top-column elementor-element elementor-element-4b757a2a\" data-id=\"4b757a2a\" data-element_type=\"column\" data-e-type=\"column\">\n\t\t\t<div class=\"elementor-widget-wrap elementor-element-populated\">\n\t\t\t\t\t\t<div class=\"elementor-element elementor-element-3a79d341 elementor-widget-divider--view-line elementor-widget elementor-widget-divider\" data-id=\"3a79d341\" data-element_type=\"widget\" data-e-type=\"widget\" data-widget_type=\"divider.default\">\n\t\t\t\t<div class=\"elementor-widget-container\">\n\t\t\t\t\t\t\t<div class=\"elementor-divider\">\n\t\t\t<span class=\"elementor-divider-separator\">\n\t\t\t\t\t\t<\/span>\n\t\t<\/div>\n\t\t\t\t\t\t<\/div>\n\t\t\t\t<\/div>\n\t\t\t\t<div class=\"elementor-element elementor-element-7e6ccc9 elementor-widget elementor-widget-counter\" data-id=\"7e6ccc9\" data-element_type=\"widget\" data-e-type=\"widget\" data-widget_type=\"counter.default\">\n\t\t\t\t<div class=\"elementor-widget-container\">\n\t\t\t\t\t\t\t<div class=\"elementor-counter\">\n\t\t\t<div class=\"elementor-counter-title\">Zielonej \u015bciany<\/div>\t\t\t<div class=\"elementor-counter-number-wrapper\">\n\t\t\t\t<span class=\"elementor-counter-number-prefix\"><\/span>\n\t\t\t\t<span class=\"elementor-counter-number\" data-duration=\"2000\" data-to-value=\"749681\" data-from-value=\"0\">0<\/span>\n\t\t\t\t<span class=\"elementor-counter-number-suffix\">m\u00b2<\/span>\n\t\t\t<\/div>\n\t\t<\/div>\n\t\t\t\t\t\t<\/div>\n\t\t\t\t<\/div>\n\t\t\t\t<div class=\"elementor-element elementor-element-5b173d6 elementor-widget elementor-widget-counter\" data-id=\"5b173d6\" data-element_type=\"widget\" data-e-type=\"widget\" data-widget_type=\"counter.default\">\n\t\t\t\t<div class=\"elementor-widget-container\">\n\t\t\t\t\t\t\t<div class=\"elementor-counter\">\n\t\t\t<div class=\"elementor-counter-title\">Ekran\u00f3w ziemnych<\/div>\t\t\t<div class=\"elementor-counter-number-wrapper\">\n\t\t\t\t<span class=\"elementor-counter-number-prefix\"><\/span>\n\t\t\t\t<span class=\"elementor-counter-number\" data-duration=\"2000\" data-to-value=\"5842\" data-from-value=\"0\">0<\/span>\n\t\t\t\t<span class=\"elementor-counter-number-suffix\">m\u00b2<\/span>\n\t\t\t<\/div>\n\t\t<\/div>\n\t\t\t\t\t\t<\/div>\n\t\t\t\t<\/div>\n\t\t\t\t<div class=\"elementor-element elementor-element-18a69b6b elementor-widget elementor-widget-counter\" data-id=\"18a69b6b\" data-element_type=\"widget\" data-e-type=\"widget\" data-widget_type=\"counter.default\">\n\t\t\t\t<div class=\"elementor-widget-container\">\n\t\t\t\t\t\t\t<div class=\"elementor-counter\">\n\t\t\t<div class=\"elementor-counter-title\">Paneli akustycznych drewnianych<\/div>\t\t\t<div class=\"elementor-counter-number-wrapper\">\n\t\t\t\t<span class=\"elementor-counter-number-prefix\"><\/span>\n\t\t\t\t<span class=\"elementor-counter-number\" data-duration=\"2000\" data-to-value=\"216549\" data-from-value=\"0\">0<\/span>\n\t\t\t\t<span class=\"elementor-counter-number-suffix\">m\u00b2<\/span>\n\t\t\t<\/div>\n\t\t<\/div>\n\t\t\t\t\t\t<\/div>\n\t\t\t\t<\/div>\n\t\t\t\t<div class=\"elementor-element elementor-element-1660e945 elementor-widget elementor-widget-counter\" data-id=\"1660e945\" data-element_type=\"widget\" data-e-type=\"widget\" data-widget_type=\"counter.default\">\n\t\t\t\t<div class=\"elementor-widget-container\">\n\t\t\t\t\t\t\t<div class=\"elementor-counter\">\n\t\t\t<div class=\"elementor-counter-title\">Wype\u0142nie\u0144 aluminiowych<\/div>\t\t\t<div class=\"elementor-counter-number-wrapper\">\n\t\t\t\t<span class=\"elementor-counter-number-prefix\"><\/span>\n\t\t\t\t<span class=\"elementor-counter-number\" data-duration=\"2000\" data-to-value=\"21393\" data-from-value=\"0\">0<\/span>\n\t\t\t\t<span class=\"elementor-counter-number-suffix\">m\u00b2<\/span>\n\t\t\t<\/div>\n\t\t<\/div>\n\t\t\t\t\t\t<\/div>\n\t\t\t\t<\/div>\n\t\t\t\t<div class=\"elementor-element elementor-element-22365d1a elementor-widget elementor-widget-counter\" data-id=\"22365d1a\" data-element_type=\"widget\" data-e-type=\"widget\" data-widget_type=\"counter.default\">\n\t\t\t\t<div class=\"elementor-widget-container\">\n\t\t\t\t\t\t\t<div class=\"elementor-counter\">\n\t\t\t<div class=\"elementor-counter-title\">Konstukcji stalowych<\/div>\t\t\t<div class=\"elementor-counter-number-wrapper\">\n\t\t\t\t<span class=\"elementor-counter-number-prefix\"><\/span>\n\t\t\t\t<span class=\"elementor-counter-number\" data-duration=\"2000\" data-to-value=\"21560\" data-from-value=\"0\">0<\/span>\n\t\t\t\t<span class=\"elementor-counter-number-suffix\">ton<\/span>\n\t\t\t<\/div>\n\t\t<\/div>\n\t\t\t\t\t\t<\/div>\n\t\t\t\t<\/div>\n\t\t\t\t\t<\/div>\n\t\t<\/div>\n\t\t\t\t\t<\/div>\n\t\t<\/section>\n\t\t\t\t<\/div>\n\t\t","protected":false},"excerpt":{"rendered":"<p>PANELE AKUSTYCZNE DREWNIANE List\u0119 produkowanych przez nas paneli akustycznych s\u0142u\u017c\u0105cych do budowy ekran\u00f3w akustycznych uzupe\u0142niaj\u0105 panele akustyczne drewniane. Panel taki zbudowany jest z ramy\u00a0 drewnianej 130\/68 mm. Od strony ha\u0142asu znajduj\u0105 si\u0119 listwy grubo\u015bci 28 mm w rozstawie i szeroko\u015bci zakrywaj\u0105cej minimum 50% powierzchni przedniej \u015bciany panelu (standardowa szeroko\u015b\u0107 listwy 55 mm rozstaw 55 mm). [&hellip;]<\/p>\n","protected":false},"author":1,"featured_media":0,"parent":0,"menu_order":0,"comment_status":"closed","ping_status":"closed","template":"page-templates\/fullwidth-content.php","meta":{"rs_blank_template":"","rs_page_bg_color":"","slide_template_v7":"","footnotes":""},"class_list":["post-795","page","type-page","status-publish","hentry","no-thumb"],"_links":{"self":[{"href":"https:\/\/flora-debowski.pl\/infrastruktura_drogowa\/wp-json\/wp\/v2\/pages\/795","targetHints":{"allow":["GET"]}}],"collection":[{"href":"https:\/\/flora-debowski.pl\/infrastruktura_drogowa\/wp-json\/wp\/v2\/pages"}],"about":[{"href":"https:\/\/flora-debowski.pl\/infrastruktura_drogowa\/wp-json\/wp\/v2\/types\/page"}],"author":[{"embeddable":true,"href":"https:\/\/flora-debowski.pl\/infrastruktura_drogowa\/wp-json\/wp\/v2\/users\/1"}],"replies":[{"embeddable":true,"href":"https:\/\/flora-debowski.pl\/infrastruktura_drogowa\/wp-json\/wp\/v2\/comments?post=795"}],"version-history":[{"count":28,"href":"https:\/\/flora-debowski.pl\/infrastruktura_drogowa\/wp-json\/wp\/v2\/pages\/795\/revisions"}],"predecessor-version":[{"id":1568,"href":"https:\/\/flora-debowski.pl\/infrastruktura_drogowa\/wp-json\/wp\/v2\/pages\/795\/revisions\/1568"}],"wp:attachment":[{"href":"https:\/\/flora-debowski.pl\/infrastruktura_drogowa\/wp-json\/wp\/v2\/media?parent=795"}],"curies":[{"name":"wp","href":"https:\/\/api.w.org\/{rel}","templated":true}]}}