{"id":823,"date":"2024-01-08T15:49:12","date_gmt":"2024-01-08T14:49:12","guid":{"rendered":"https:\/\/flora-debowski.pl\/infrastruktura_drogowa\/?page_id=823"},"modified":"2024-04-03T22:39:17","modified_gmt":"2024-04-03T20:39:17","slug":"panele-drewniane-przeciwolsnieniowe","status":"publish","type":"page","link":"https:\/\/flora-debowski.pl\/infrastruktura_drogowa\/panele-drewniane-przeciwolsnieniowe\/","title":{"rendered":"PANELE DREWNIANE PRZECIWOL\u015aNIENIOWE"},"content":{"rendered":"\t\t<div data-elementor-type=\"wp-page\" data-elementor-id=\"823\" class=\"elementor elementor-823\">\n\t\t\t\t<div class=\"elementor-element elementor-element-29496bb9 e-flex e-con-boxed e-con e-parent\" data-id=\"29496bb9\" data-element_type=\"container\" data-e-type=\"container\">\n\t\t\t\t\t<div class=\"e-con-inner\">\n\t\t\t\t<div class=\"elementor-element elementor-element-7dd72888 elementor-arrows-position-inside elementor-pagination-position-outside elementor-widget elementor-widget-image-carousel\" data-id=\"7dd72888\" data-element_type=\"widget\" data-e-type=\"widget\" data-settings=\"{&quot;slides_to_show&quot;:&quot;4&quot;,&quot;slides_to_scroll&quot;:&quot;4&quot;,&quot;pause_on_hover&quot;:&quot;no&quot;,&quot;pause_on_interaction&quot;:&quot;no&quot;,&quot;autoplay_speed&quot;:50,&quot;speed&quot;:10000,&quot;image_spacing_custom&quot;:{&quot;unit&quot;:&quot;px&quot;,&quot;size&quot;:5,&quot;sizes&quot;:[]},&quot;navigation&quot;:&quot;both&quot;,&quot;autoplay&quot;:&quot;yes&quot;,&quot;infinite&quot;:&quot;yes&quot;,&quot;image_spacing_custom_tablet&quot;:{&quot;unit&quot;:&quot;px&quot;,&quot;size&quot;:&quot;&quot;,&quot;sizes&quot;:[]},&quot;image_spacing_custom_mobile&quot;:{&quot;unit&quot;:&quot;px&quot;,&quot;size&quot;:&quot;&quot;,&quot;sizes&quot;:[]}}\" data-widget_type=\"image-carousel.default\">\n\t\t\t\t<div class=\"elementor-widget-container\">\n\t\t\t\t\t\t\t<div class=\"elementor-image-carousel-wrapper swiper\" role=\"region\" aria-roledescription=\"carousel\" aria-label=\"Karuzela obrazk\u00f3w\" dir=\"ltr\">\n\t\t\t<div class=\"elementor-image-carousel swiper-wrapper\" aria-live=\"off\">\n\t\t\t\t\t\t\t\t<div class=\"swiper-slide\" role=\"group\" aria-roledescription=\"slide\" aria-label=\"1 z 12\"><figure class=\"swiper-slide-inner\"><img decoding=\"async\" class=\"swiper-slide-image\" src=\"https:\/\/flora-debowski.pl\/infrastruktura_drogowa\/wp-content\/uploads\/2024\/01\/1-kopia-Copy-1-1030x687-1-425x415.jpg\" alt=\"1-kopia-Copy-1-1030x687\" \/><\/figure><\/div><div class=\"swiper-slide\" role=\"group\" aria-roledescription=\"slide\" aria-label=\"2 z 12\"><figure class=\"swiper-slide-inner\"><img decoding=\"async\" class=\"swiper-slide-image\" src=\"https:\/\/flora-debowski.pl\/infrastruktura_drogowa\/wp-content\/uploads\/2024\/01\/IMG_20200807_130322-Copy-1030x773-1-425x415.jpg\" alt=\"oznor\" \/><\/figure><\/div><div class=\"swiper-slide\" role=\"group\" aria-roledescription=\"slide\" aria-label=\"3 z 12\"><figure class=\"swiper-slide-inner\"><img decoding=\"async\" class=\"swiper-slide-image\" src=\"https:\/\/flora-debowski.pl\/infrastruktura_drogowa\/wp-content\/uploads\/2024\/01\/IMG_20200807_124718-Copy-1030x773-1-425x415.jpg\" alt=\"oznor\" \/><\/figure><\/div><div class=\"swiper-slide\" role=\"group\" aria-roledescription=\"slide\" aria-label=\"4 z 12\"><figure class=\"swiper-slide-inner\"><img decoding=\"async\" class=\"swiper-slide-image\" src=\"https:\/\/flora-debowski.pl\/infrastruktura_drogowa\/wp-content\/uploads\/2024\/01\/IMG_20200807_123706-Copy-1030x773-1-425x415.jpg\" alt=\"dav\" \/><\/figure><\/div><div class=\"swiper-slide\" role=\"group\" aria-roledescription=\"slide\" aria-label=\"5 z 12\"><figure class=\"swiper-slide-inner\"><img decoding=\"async\" class=\"swiper-slide-image\" src=\"https:\/\/flora-debowski.pl\/infrastruktura_drogowa\/wp-content\/uploads\/2024\/01\/IMG_20200807_123156-Copy-1030x773-1-425x415.jpg\" alt=\"dav\" \/><\/figure><\/div><div class=\"swiper-slide\" role=\"group\" aria-roledescription=\"slide\" aria-label=\"6 z 12\"><figure class=\"swiper-slide-inner\"><img decoding=\"async\" class=\"swiper-slide-image\" src=\"https:\/\/flora-debowski.pl\/infrastruktura_drogowa\/wp-content\/uploads\/2024\/01\/IMG_0207-kopia-Copy-1030x687-1-425x415.jpg\" alt=\"IMG_0207-kopia-Copy-1030x687\" \/><\/figure><\/div><div class=\"swiper-slide\" role=\"group\" aria-roledescription=\"slide\" aria-label=\"7 z 12\"><figure class=\"swiper-slide-inner\"><img decoding=\"async\" class=\"swiper-slide-image\" src=\"https:\/\/flora-debowski.pl\/infrastruktura_drogowa\/wp-content\/uploads\/2024\/01\/DSCF1596-Copy-1030x772-1-425x415.jpg\" alt=\"DSCF1596-Copy-1030x772\" \/><\/figure><\/div><div class=\"swiper-slide\" role=\"group\" aria-roledescription=\"slide\" aria-label=\"8 z 12\"><figure class=\"swiper-slide-inner\"><img decoding=\"async\" class=\"swiper-slide-image\" src=\"https:\/\/flora-debowski.pl\/infrastruktura_drogowa\/wp-content\/uploads\/2024\/01\/DSC03414-Copy-1030x773-1-425x415.jpg\" alt=\"DSC03414-Copy-1030x773\" \/><\/figure><\/div><div class=\"swiper-slide\" role=\"group\" aria-roledescription=\"slide\" aria-label=\"9 z 12\"><figure class=\"swiper-slide-inner\"><img decoding=\"async\" class=\"swiper-slide-image\" src=\"https:\/\/flora-debowski.pl\/infrastruktura_drogowa\/wp-content\/uploads\/2024\/01\/DSC03385-Copy-1030x772-1-425x415.jpg\" alt=\"DSC03385-Copy-1030x772\" \/><\/figure><\/div><div class=\"swiper-slide\" role=\"group\" aria-roledescription=\"slide\" aria-label=\"10 z 12\"><figure class=\"swiper-slide-inner\"><img decoding=\"async\" class=\"swiper-slide-image\" src=\"https:\/\/flora-debowski.pl\/infrastruktura_drogowa\/wp-content\/uploads\/2024\/01\/100_3771-1030x773-1-425x415.jpg\" alt=\"100_3771-1030x773\" \/><\/figure><\/div><div class=\"swiper-slide\" role=\"group\" aria-roledescription=\"slide\" aria-label=\"11 z 12\"><figure class=\"swiper-slide-inner\"><img decoding=\"async\" class=\"swiper-slide-image\" src=\"https:\/\/flora-debowski.pl\/infrastruktura_drogowa\/wp-content\/uploads\/2024\/01\/100_3768-1030x773-1-425x415.jpg\" alt=\"100_3768-1030x773\" \/><\/figure><\/div><div class=\"swiper-slide\" role=\"group\" aria-roledescription=\"slide\" aria-label=\"12 z 12\"><figure class=\"swiper-slide-inner\"><img decoding=\"async\" class=\"swiper-slide-image\" src=\"https:\/\/flora-debowski.pl\/infrastruktura_drogowa\/wp-content\/uploads\/2024\/01\/9-1030x618-1-425x415.jpg\" alt=\"9-1030x618\" \/><\/figure><\/div>\t\t\t<\/div>\n\t\t\t\t\t\t\t\t\t\t\t\t<div class=\"elementor-swiper-button elementor-swiper-button-prev\" role=\"button\" tabindex=\"0\">\n\t\t\t\t\t\t<svg aria-hidden=\"true\" class=\"e-font-icon-svg e-eicon-chevron-left\" viewBox=\"0 0 1000 1000\" xmlns=\"http:\/\/www.w3.org\/2000\/svg\"><path d=\"M646 125C629 125 613 133 604 142L308 442C296 454 292 471 292 487 292 504 296 521 308 533L604 854C617 867 629 875 646 875 663 875 679 871 692 858 704 846 713 829 713 812 713 796 708 779 692 767L438 487 692 225C700 217 708 204 708 187 708 171 704 154 692 142 675 129 663 125 646 125Z\"><\/path><\/svg>\t\t\t\t\t<\/div>\n\t\t\t\t\t<div class=\"elementor-swiper-button elementor-swiper-button-next\" role=\"button\" tabindex=\"0\">\n\t\t\t\t\t\t<svg aria-hidden=\"true\" class=\"e-font-icon-svg e-eicon-chevron-right\" viewBox=\"0 0 1000 1000\" xmlns=\"http:\/\/www.w3.org\/2000\/svg\"><path d=\"M696 533C708 521 713 504 713 487 713 471 708 454 696 446L400 146C388 133 375 125 354 125 338 125 325 129 313 142 300 154 292 171 292 187 292 204 296 221 308 233L563 492 304 771C292 783 288 800 288 817 288 833 296 850 308 863 321 871 338 875 354 875 371 875 388 867 400 854L696 533Z\"><\/path><\/svg>\t\t\t\t\t<\/div>\n\t\t\t\t\n\t\t\t\t\t\t\t\t\t<div class=\"swiper-pagination\"><\/div>\n\t\t\t\t\t\t\t\t\t<\/div>\n\t\t\t\t\t\t<\/div>\n\t\t\t\t<\/div>\n\t\t\t\t\t<\/div>\n\t\t\t\t<\/div>\n\t\t<div class=\"elementor-element elementor-element-1b4b168 e-flex e-con-boxed e-con e-parent\" data-id=\"1b4b168\" data-element_type=\"container\" data-e-type=\"container\">\n\t\t\t\t\t<div class=\"e-con-inner\">\n\t\t\t\t<div class=\"elementor-element elementor-element-61dfd92 elementor-widget elementor-widget-text-editor\" data-id=\"61dfd92\" data-element_type=\"widget\" data-e-type=\"widget\" data-widget_type=\"text-editor.default\">\n\t\t\t\t<div class=\"elementor-widget-container\">\n\t\t\t\t\t\t\t\t\t<h3 style=\"text-align: center;\"><span style=\"color: #008000;\"><em><strong>PANELE PRZECIWOL\u015aNIENIOWE<\/strong><\/em><\/span><\/h3><p><strong>Panele drewniane przeciwol\u015bnieniowe produkowane przez nas stanowi\u0105 zapor\u0119 dla bezpo\u015bredniego rozchodzenia si\u0119 promieni \u015bwiate\u0142 samochod\u00f3w oraz innych pojazd\u00f3w o\u015blepiaj\u0105cych ludzi i zwierz\u0119ta.<\/strong><\/p><p>Panel taki zbudowany jest z kant\u00f3wek drewnianych gdzie kant\u00f3wki skrajne dostosowane s\u0105 do s\u0142up\u00f3w wsporczych,\u00a0 kant\u00f3wki \u00a0po\u015brednie\u00a0 zapewniaj\u0105\u00a0 stabilno\u015b\u0107\u00a0 panelu\u00a0 i \u00a0odporno\u015b\u0107 \u00a0panelu na parcie wiatru oraz p\u0142u\u017cenie. Elementami poziomymi s\u0105 deski drewniane grubo\u015bci od 20 do 36 mm po\u0142\u0105czone ze sob\u0105 na\u00a0 tzw. \u201epi\u00f3ro \u2013 wpust\u201d.<\/p><p>Wysoko\u015b\u0107 panelu: do 4 000 mm, D\u0142ugo\u015b\u0107 panelu: do 5 000 mm<\/p><p><strong>Drewno (iglaste: \u015bwierk lub sosna) zgodne z PN-D- 94021:2013<\/strong><\/p><ul><li><strong>\u00a0<\/strong>Klasa wytrzyma\u0142o\u015bci \u2013 zgodna z C24 wg PN EN 338:2003<\/li><li>Wady drewna \u2013 klasa \u015brednia wg PN-D-94021:2013<\/li><li>Brak p\u0119kni\u0119\u0107 wykraczaj\u0105cych poza wymagania okre\u015blone dla klasy \u015bredniej drewna wg PN-D-94021:2013<\/li><li>S\u0119ki zgodne z PN-D-94021:2013, dozwolone s\u0119kowanie i szpachlowanie desek<\/li><li>Skr\u0119t w\u0142\u00f3kien \u2013 nie wi\u0119kszy ni\u017c 5%<\/li><li>Sinizna: dopuszczalna zanikaj\u0105ca przy struganiu, nie dopuszczalna inna forma i rodzaj pora\u017cenia przez grzyby<\/li><li>Wilgotno\u015b\u0107 \u2013 ok. 23% wg PN-D-94021:2013 w stanie powietrzno-suchym (Wilgotno\u015b\u0107 materia\u0142u w stanie powietrzno \u2013 suchym\u00a0 to\u00a0 stan \u00a0r\u00f3wnowagi \u00a0jaki\u00a0 ustala \u00a0si\u0119\u00a0 w\u00a0 d\u0142u\u017cszym\u00a0 okresie\u00a0 czasu\u00a0 w\u00a0 warunkach normalnej eksploatacji)<\/li><li>Grubo\u015b\u0107\u00a0 desek\u00a0 od\u00a0 20\u00a0 do\u00a0 36 mm\u00a0 po\u0142\u0105czonych\u00a0 ze\u00a0 sob\u0105\u00a0 na \u201epi\u00f3ro \u2013 wpust\u201d (nie\u00a0 dotyczy grubo\u015bci pi\u00f3ra i wpustu gdzie wyst\u0119puje przew\u0119\u017cenie)<\/li><li>Wysoko\u015b\u0107 pojedynczej deski min. 100 mm<\/li><li>Kant\u00f3wki pionowe dostosowane do s\u0142up\u00f3w wsporczych<\/li><li>D\u0142ugo\u015b\u0107 paneli: rozstaw s\u0142up\u00f3w pomniejszony o 40 mm<\/li><li>Wysoko\u015b\u0107 paneli: dostosowana do wysoko\u015bci ekran\u00f3w.<\/li><\/ul><p><strong>Zabezpieczenie impregnacj\u0105 ci\u015bnieniow\u0105 czynnikiem Wolmanit CX-10 przed:<\/strong><\/p><ul><li>Wilgoci\u0105<\/li><li>Korozja biologiczn\u0105<\/li><li>Agresywnym \u015brodowiskiem chemicznym<\/li><li>Dzia\u0142aniem ognia<\/li><\/ul><p>(Klasyfikacja w zakresie reakcji na ogie\u0144 wg PN-EN 13501-1+A1:2010 \u2013 C-s3, d0,\u00a0panele w standardzie posiadaj\u0105 2 klas\u0119 ognioodporno\u015bci na po\u017car zaro\u015bli zgodnie z norm\u0105 1794-2:2011)<\/p><ul><li>Kolor panelu: (po impregnacji odcie\u0144 zielony, po ok. 6 miesi\u0105cach przechodz\u0105cy w szarawy)<\/li><\/ul><p><strong><u>Parametry akustyczne paneli:<\/u><\/strong><\/p><table width=\"760\"><tbody><tr><td width=\"587\"><strong>Parametr akustyczny<\/strong><\/td><td width=\"92\"><strong>[dB]<\/strong><\/td><td width=\"73\"><strong>Klasa\u00a0<\/strong><\/td><\/tr><tr><td width=\"587\">\u00a0Jednoliczbowy wska\u017anik oceny izolacyjno\u015bci od d\u017awi\u0119k\u00f3w powietrznych \u0394L<sub>R<\/sub>:<\/td><td width=\"92\">25 dB<\/td><td width=\"73\">B3<\/td><\/tr><\/tbody><\/table>\t\t\t\t\t\t\t\t<\/div>\n\t\t\t\t<\/div>\n\t\t\t\t\t<\/div>\n\t\t\t\t<\/div>\n\t\t\t\t<section class=\"elementor-section elementor-top-section elementor-element elementor-element-a393be1 animated-slow elementor-section-boxed elementor-section-height-default elementor-section-height-default elementor-invisible\" data-id=\"a393be1\" data-element_type=\"section\" data-e-type=\"section\" data-settings=\"{&quot;animation&quot;:&quot;fadeInUp&quot;}\">\n\t\t\t\t\t\t<div class=\"elementor-container elementor-column-gap-default\">\n\t\t\t\t\t<div class=\"elementor-column elementor-col-50 elementor-top-column elementor-element elementor-element-24afdd68\" data-id=\"24afdd68\" data-element_type=\"column\" data-e-type=\"column\">\n\t\t\t<div class=\"elementor-widget-wrap elementor-element-populated\">\n\t\t\t\t\t\t<div class=\"elementor-element elementor-element-7a3ba7ec elementor-widget-divider--view-line elementor-widget elementor-widget-divider\" data-id=\"7a3ba7ec\" data-element_type=\"widget\" data-e-type=\"widget\" data-widget_type=\"divider.default\">\n\t\t\t\t<div class=\"elementor-widget-container\">\n\t\t\t\t\t\t\t<div class=\"elementor-divider\">\n\t\t\t<span class=\"elementor-divider-separator\">\n\t\t\t\t\t\t<\/span>\n\t\t<\/div>\n\t\t\t\t\t\t<\/div>\n\t\t\t\t<\/div>\n\t\t\t\t<div class=\"elementor-element elementor-element-e88710b elementor-widget elementor-widget-text-editor\" data-id=\"e88710b\" data-element_type=\"widget\" data-e-type=\"widget\" data-widget_type=\"text-editor.default\">\n\t\t\t\t<div class=\"elementor-widget-container\">\n\t\t\t\t\t\t\t\t\tRealizujemy projekty, dostawy i monta\u017c dla generalnych wykonawc\u00f3w kontrakt\u00f3w drogowych, autostradowych i kolejowych jak: \t\t\t\t\t\t\t\t<\/div>\n\t\t\t\t<\/div>\n\t\t\t\t<div class=\"elementor-element elementor-element-4d83b575 elementor-pagination-position-outside elementor-widget elementor-widget-image-carousel\" data-id=\"4d83b575\" data-element_type=\"widget\" data-e-type=\"widget\" data-settings=\"{&quot;slides_to_show&quot;:&quot;3&quot;,&quot;slides_to_scroll&quot;:&quot;2&quot;,&quot;navigation&quot;:&quot;dots&quot;,&quot;image_spacing_custom&quot;:{&quot;unit&quot;:&quot;px&quot;,&quot;size&quot;:36,&quot;sizes&quot;:[]},&quot;autoplay&quot;:&quot;yes&quot;,&quot;pause_on_hover&quot;:&quot;yes&quot;,&quot;pause_on_interaction&quot;:&quot;yes&quot;,&quot;autoplay_speed&quot;:5000,&quot;infinite&quot;:&quot;yes&quot;,&quot;speed&quot;:500,&quot;image_spacing_custom_tablet&quot;:{&quot;unit&quot;:&quot;px&quot;,&quot;size&quot;:&quot;&quot;,&quot;sizes&quot;:[]},&quot;image_spacing_custom_mobile&quot;:{&quot;unit&quot;:&quot;px&quot;,&quot;size&quot;:&quot;&quot;,&quot;sizes&quot;:[]}}\" data-widget_type=\"image-carousel.default\">\n\t\t\t\t<div class=\"elementor-widget-container\">\n\t\t\t\t\t\t\t<div class=\"elementor-image-carousel-wrapper swiper\" role=\"region\" aria-roledescription=\"carousel\" aria-label=\"Karuzela obrazk\u00f3w\" dir=\"ltr\">\n\t\t\t<div class=\"elementor-image-carousel swiper-wrapper\" aria-live=\"off\">\n\t\t\t\t\t\t\t\t<div class=\"swiper-slide\" role=\"group\" aria-roledescription=\"slide\" aria-label=\"1 z 12\"><figure class=\"swiper-slide-inner\"><img decoding=\"async\" class=\"swiper-slide-image\" src=\"https:\/\/flora-debowski.pl\/infrastruktura_drogowa\/wp-content\/uploads\/2024\/01\/logo_7.jpg\" alt=\"logo_7\" \/><\/figure><\/div><div class=\"swiper-slide\" role=\"group\" aria-roledescription=\"slide\" aria-label=\"2 z 12\"><figure class=\"swiper-slide-inner\"><img decoding=\"async\" class=\"swiper-slide-image\" src=\"https:\/\/flora-debowski.pl\/infrastruktura_drogowa\/wp-content\/uploads\/2023\/12\/q1.jpg\" alt=\"q1\" \/><\/figure><\/div><div class=\"swiper-slide\" role=\"group\" aria-roledescription=\"slide\" aria-label=\"3 z 12\"><figure class=\"swiper-slide-inner\"><img decoding=\"async\" class=\"swiper-slide-image\" src=\"https:\/\/flora-debowski.pl\/infrastruktura_drogowa\/wp-content\/uploads\/2023\/12\/q2.jpg\" alt=\"q2\" \/><\/figure><\/div><div class=\"swiper-slide\" role=\"group\" aria-roledescription=\"slide\" aria-label=\"4 z 12\"><figure class=\"swiper-slide-inner\"><img decoding=\"async\" class=\"swiper-slide-image\" src=\"https:\/\/flora-debowski.pl\/infrastruktura_drogowa\/wp-content\/uploads\/2023\/12\/q3.png\" alt=\"q3\" \/><\/figure><\/div><div class=\"swiper-slide\" role=\"group\" aria-roledescription=\"slide\" aria-label=\"5 z 12\"><figure class=\"swiper-slide-inner\"><img decoding=\"async\" class=\"swiper-slide-image\" src=\"https:\/\/flora-debowski.pl\/infrastruktura_drogowa\/wp-content\/uploads\/2023\/12\/q4.png\" alt=\"q4\" \/><\/figure><\/div><div class=\"swiper-slide\" role=\"group\" aria-roledescription=\"slide\" aria-label=\"6 z 12\"><figure class=\"swiper-slide-inner\"><img decoding=\"async\" class=\"swiper-slide-image\" src=\"https:\/\/flora-debowski.pl\/infrastruktura_drogowa\/wp-content\/uploads\/2023\/12\/q5.jpg\" alt=\"q5\" \/><\/figure><\/div><div class=\"swiper-slide\" role=\"group\" aria-roledescription=\"slide\" aria-label=\"7 z 12\"><figure class=\"swiper-slide-inner\"><img decoding=\"async\" class=\"swiper-slide-image\" src=\"https:\/\/flora-debowski.pl\/infrastruktura_drogowa\/wp-content\/uploads\/2023\/12\/q6.png\" alt=\"q6\" \/><\/figure><\/div><div class=\"swiper-slide\" role=\"group\" aria-roledescription=\"slide\" aria-label=\"8 z 12\"><figure class=\"swiper-slide-inner\"><img decoding=\"async\" class=\"swiper-slide-image\" src=\"https:\/\/flora-debowski.pl\/infrastruktura_drogowa\/wp-content\/uploads\/2023\/12\/a7.png\" alt=\"a7\" \/><\/figure><\/div><div class=\"swiper-slide\" role=\"group\" aria-roledescription=\"slide\" aria-label=\"9 z 12\"><figure class=\"swiper-slide-inner\"><img decoding=\"async\" class=\"swiper-slide-image\" src=\"https:\/\/flora-debowski.pl\/infrastruktura_drogowa\/wp-content\/uploads\/2023\/12\/a8.png\" alt=\"a8\" \/><\/figure><\/div><div class=\"swiper-slide\" role=\"group\" aria-roledescription=\"slide\" aria-label=\"10 z 12\"><figure class=\"swiper-slide-inner\"><img decoding=\"async\" class=\"swiper-slide-image\" src=\"https:\/\/flora-debowski.pl\/infrastruktura_drogowa\/wp-content\/uploads\/2023\/12\/q9.webp\" alt=\"q9\" \/><\/figure><\/div><div class=\"swiper-slide\" role=\"group\" aria-roledescription=\"slide\" aria-label=\"11 z 12\"><figure class=\"swiper-slide-inner\"><img decoding=\"async\" class=\"swiper-slide-image\" src=\"https:\/\/flora-debowski.pl\/infrastruktura_drogowa\/wp-content\/uploads\/2023\/12\/q10.jpg\" alt=\"q10\" \/><\/figure><\/div><div class=\"swiper-slide\" role=\"group\" aria-roledescription=\"slide\" aria-label=\"12 z 12\"><figure class=\"swiper-slide-inner\"><img decoding=\"async\" class=\"swiper-slide-image\" src=\"https:\/\/flora-debowski.pl\/infrastruktura_drogowa\/wp-content\/uploads\/2023\/12\/q10.png\" alt=\"q10\" \/><\/figure><\/div>\t\t\t<\/div>\n\t\t\t\t\t\t\t\n\t\t\t\t\t\t\t\t\t<div class=\"swiper-pagination\"><\/div>\n\t\t\t\t\t\t\t\t\t<\/div>\n\t\t\t\t\t\t<\/div>\n\t\t\t\t<\/div>\n\t\t\t\t<div class=\"elementor-element elementor-element-71505f81 elementor-widget elementor-widget-text-editor\" data-id=\"71505f81\" data-element_type=\"widget\" data-e-type=\"widget\" data-widget_type=\"text-editor.default\">\n\t\t\t\t<div class=\"elementor-widget-container\">\n\t\t\t\t\t\t\t\t\t<p>A tak\u017ce bezpo\u015brednio dla Generalnej Dyrekcji Dr\u00f3g Krajowych i Autostrad oraz PKP PLK.<\/p>\t\t\t\t\t\t\t\t<\/div>\n\t\t\t\t<\/div>\n\t\t\t\t<div class=\"elementor-element elementor-element-6994c66 elementor-widget-divider--view-line elementor-widget elementor-widget-divider\" data-id=\"6994c66\" data-element_type=\"widget\" data-e-type=\"widget\" data-widget_type=\"divider.default\">\n\t\t\t\t<div class=\"elementor-widget-container\">\n\t\t\t\t\t\t\t<div class=\"elementor-divider\">\n\t\t\t<span class=\"elementor-divider-separator\">\n\t\t\t\t\t\t<\/span>\n\t\t<\/div>\n\t\t\t\t\t\t<\/div>\n\t\t\t\t<\/div>\n\t\t\t\t\t<\/div>\n\t\t<\/div>\n\t\t\t\t<div class=\"elementor-column elementor-col-50 elementor-top-column elementor-element elementor-element-3d912918\" data-id=\"3d912918\" data-element_type=\"column\" data-e-type=\"column\">\n\t\t\t<div class=\"elementor-widget-wrap elementor-element-populated\">\n\t\t\t\t\t\t<div class=\"elementor-element elementor-element-4ee439b4 elementor-widget-divider--view-line elementor-widget elementor-widget-divider\" data-id=\"4ee439b4\" data-element_type=\"widget\" data-e-type=\"widget\" data-widget_type=\"divider.default\">\n\t\t\t\t<div class=\"elementor-widget-container\">\n\t\t\t\t\t\t\t<div class=\"elementor-divider\">\n\t\t\t<span class=\"elementor-divider-separator\">\n\t\t\t\t\t\t<\/span>\n\t\t<\/div>\n\t\t\t\t\t\t<\/div>\n\t\t\t\t<\/div>\n\t\t\t\t<div class=\"elementor-element elementor-element-14ec9a7a elementor-widget elementor-widget-counter\" data-id=\"14ec9a7a\" data-element_type=\"widget\" data-e-type=\"widget\" data-widget_type=\"counter.default\">\n\t\t\t\t<div class=\"elementor-widget-container\">\n\t\t\t\t\t\t\t<div class=\"elementor-counter\">\n\t\t\t<div class=\"elementor-counter-title\">Zielonej \u015bciany<\/div>\t\t\t<div class=\"elementor-counter-number-wrapper\">\n\t\t\t\t<span class=\"elementor-counter-number-prefix\"><\/span>\n\t\t\t\t<span class=\"elementor-counter-number\" data-duration=\"2000\" data-to-value=\"749681\" data-from-value=\"0\">0<\/span>\n\t\t\t\t<span class=\"elementor-counter-number-suffix\">m\u00b2<\/span>\n\t\t\t<\/div>\n\t\t<\/div>\n\t\t\t\t\t\t<\/div>\n\t\t\t\t<\/div>\n\t\t\t\t<div class=\"elementor-element elementor-element-d67d717 elementor-widget elementor-widget-counter\" data-id=\"d67d717\" data-element_type=\"widget\" data-e-type=\"widget\" data-widget_type=\"counter.default\">\n\t\t\t\t<div class=\"elementor-widget-container\">\n\t\t\t\t\t\t\t<div class=\"elementor-counter\">\n\t\t\t<div class=\"elementor-counter-title\">Ekran\u00f3w ziemnych<\/div>\t\t\t<div class=\"elementor-counter-number-wrapper\">\n\t\t\t\t<span class=\"elementor-counter-number-prefix\"><\/span>\n\t\t\t\t<span class=\"elementor-counter-number\" data-duration=\"2000\" data-to-value=\"5842\" data-from-value=\"0\">0<\/span>\n\t\t\t\t<span class=\"elementor-counter-number-suffix\">m\u00b2<\/span>\n\t\t\t<\/div>\n\t\t<\/div>\n\t\t\t\t\t\t<\/div>\n\t\t\t\t<\/div>\n\t\t\t\t<div class=\"elementor-element elementor-element-782322d9 elementor-widget elementor-widget-counter\" data-id=\"782322d9\" data-element_type=\"widget\" data-e-type=\"widget\" data-widget_type=\"counter.default\">\n\t\t\t\t<div class=\"elementor-widget-container\">\n\t\t\t\t\t\t\t<div class=\"elementor-counter\">\n\t\t\t<div class=\"elementor-counter-title\">Paneli akustycznych drewnianych<\/div>\t\t\t<div class=\"elementor-counter-number-wrapper\">\n\t\t\t\t<span class=\"elementor-counter-number-prefix\"><\/span>\n\t\t\t\t<span class=\"elementor-counter-number\" data-duration=\"2000\" data-to-value=\"216549\" data-from-value=\"0\">0<\/span>\n\t\t\t\t<span class=\"elementor-counter-number-suffix\">m\u00b2<\/span>\n\t\t\t<\/div>\n\t\t<\/div>\n\t\t\t\t\t\t<\/div>\n\t\t\t\t<\/div>\n\t\t\t\t<div class=\"elementor-element elementor-element-32cb7db8 elementor-widget elementor-widget-counter\" data-id=\"32cb7db8\" data-element_type=\"widget\" data-e-type=\"widget\" data-widget_type=\"counter.default\">\n\t\t\t\t<div class=\"elementor-widget-container\">\n\t\t\t\t\t\t\t<div class=\"elementor-counter\">\n\t\t\t<div class=\"elementor-counter-title\">Wype\u0142nie\u0144 aluminiowych<\/div>\t\t\t<div class=\"elementor-counter-number-wrapper\">\n\t\t\t\t<span class=\"elementor-counter-number-prefix\"><\/span>\n\t\t\t\t<span class=\"elementor-counter-number\" data-duration=\"2000\" data-to-value=\"21393\" data-from-value=\"0\">0<\/span>\n\t\t\t\t<span class=\"elementor-counter-number-suffix\">m\u00b2<\/span>\n\t\t\t<\/div>\n\t\t<\/div>\n\t\t\t\t\t\t<\/div>\n\t\t\t\t<\/div>\n\t\t\t\t<div class=\"elementor-element elementor-element-50610fa8 elementor-widget elementor-widget-counter\" data-id=\"50610fa8\" data-element_type=\"widget\" data-e-type=\"widget\" data-widget_type=\"counter.default\">\n\t\t\t\t<div class=\"elementor-widget-container\">\n\t\t\t\t\t\t\t<div class=\"elementor-counter\">\n\t\t\t<div class=\"elementor-counter-title\">Konstukcji stalowych<\/div>\t\t\t<div class=\"elementor-counter-number-wrapper\">\n\t\t\t\t<span class=\"elementor-counter-number-prefix\"><\/span>\n\t\t\t\t<span class=\"elementor-counter-number\" data-duration=\"2000\" data-to-value=\"21560\" data-from-value=\"0\">0<\/span>\n\t\t\t\t<span class=\"elementor-counter-number-suffix\">ton<\/span>\n\t\t\t<\/div>\n\t\t<\/div>\n\t\t\t\t\t\t<\/div>\n\t\t\t\t<\/div>\n\t\t\t\t\t<\/div>\n\t\t<\/div>\n\t\t\t\t\t<\/div>\n\t\t<\/section>\n\t\t\t\t<\/div>\n\t\t","protected":false},"excerpt":{"rendered":"<p>PANELE PRZECIWOL\u015aNIENIOWE Panele drewniane przeciwol\u015bnieniowe produkowane przez nas stanowi\u0105 zapor\u0119 dla bezpo\u015bredniego rozchodzenia si\u0119 promieni \u015bwiate\u0142 samochod\u00f3w oraz innych pojazd\u00f3w o\u015blepiaj\u0105cych ludzi i zwierz\u0119ta. Panel taki zbudowany jest z kant\u00f3wek drewnianych gdzie kant\u00f3wki skrajne dostosowane s\u0105 do s\u0142up\u00f3w wsporczych,\u00a0 kant\u00f3wki \u00a0po\u015brednie\u00a0 zapewniaj\u0105\u00a0 stabilno\u015b\u0107\u00a0 panelu\u00a0 i \u00a0odporno\u015b\u0107 \u00a0panelu na parcie wiatru oraz p\u0142u\u017cenie. Elementami poziomymi s\u0105 [&hellip;]<\/p>\n","protected":false},"author":1,"featured_media":0,"parent":0,"menu_order":0,"comment_status":"closed","ping_status":"closed","template":"page-templates\/fullwidth-content.php","meta":{"rs_blank_template":"","rs_page_bg_color":"","slide_template_v7":"","footnotes":""},"class_list":["post-823","page","type-page","status-publish","hentry","no-thumb"],"_links":{"self":[{"href":"https:\/\/flora-debowski.pl\/infrastruktura_drogowa\/wp-json\/wp\/v2\/pages\/823","targetHints":{"allow":["GET"]}}],"collection":[{"href":"https:\/\/flora-debowski.pl\/infrastruktura_drogowa\/wp-json\/wp\/v2\/pages"}],"about":[{"href":"https:\/\/flora-debowski.pl\/infrastruktura_drogowa\/wp-json\/wp\/v2\/types\/page"}],"author":[{"embeddable":true,"href":"https:\/\/flora-debowski.pl\/infrastruktura_drogowa\/wp-json\/wp\/v2\/users\/1"}],"replies":[{"embeddable":true,"href":"https:\/\/flora-debowski.pl\/infrastruktura_drogowa\/wp-json\/wp\/v2\/comments?post=823"}],"version-history":[{"count":28,"href":"https:\/\/flora-debowski.pl\/infrastruktura_drogowa\/wp-json\/wp\/v2\/pages\/823\/revisions"}],"predecessor-version":[{"id":1574,"href":"https:\/\/flora-debowski.pl\/infrastruktura_drogowa\/wp-json\/wp\/v2\/pages\/823\/revisions\/1574"}],"wp:attachment":[{"href":"https:\/\/flora-debowski.pl\/infrastruktura_drogowa\/wp-json\/wp\/v2\/media?parent=823"}],"curies":[{"name":"wp","href":"https:\/\/api.w.org\/{rel}","templated":true}]}}