{"id":1234,"date":"2025-05-22T13:09:41","date_gmt":"2025-05-22T11:09:41","guid":{"rendered":"https:\/\/flora-debowski.pl\/nawozy_rolnicze\/?page_id=1234"},"modified":"2025-06-02T11:22:24","modified_gmt":"2025-06-02T09:22:24","slug":"jurak-premium","status":"publish","type":"page","link":"https:\/\/flora-debowski.pl\/nawozy_rolnicze\/jurak-premium\/","title":{"rendered":"Jurak Premium"},"content":{"rendered":"\t\t<div data-elementor-type=\"wp-page\" data-elementor-id=\"1234\" class=\"elementor elementor-1234\">\n\t\t\t\t\t\t<section class=\"elementor-section elementor-top-section elementor-element elementor-element-42fbc33a elementor-section-boxed elementor-section-height-default elementor-section-height-default\" data-id=\"42fbc33a\" data-element_type=\"section\" data-e-type=\"section\">\n\t\t\t\t\t\t<div class=\"elementor-container elementor-column-gap-default\">\n\t\t\t\t\t<div class=\"elementor-column elementor-col-66 elementor-top-column elementor-element elementor-element-380b0c70\" data-id=\"380b0c70\" data-element_type=\"column\" data-e-type=\"column\">\n\t\t\t<div class=\"elementor-widget-wrap elementor-element-populated\">\n\t\t\t\t\t\t<div class=\"elementor-element elementor-element-6129a8 elementor-widget elementor-widget-text-editor\" data-id=\"6129a8\" data-element_type=\"widget\" data-e-type=\"widget\" data-widget_type=\"text-editor.default\">\n\t\t\t\t<div class=\"elementor-widget-container\">\n\t\t\t\t\t\t\t\t\t<p><span style=\"color: #7a7a7a;\"><span style=\"font-family: Arial, serif;\">JURAK PREMIUM to najwy\u017cszej jako\u015bci granulowany naw\u00f3z w\u0119glanowy, wytwarzanym w procesie granulacji uprzednio silnie rozdrobnionej, mi\u0119kkiej ska\u0142y wapiennej. Wysoki stopie\u0144 zmielenia i rozdrobnienia u\u017cytego surowca wp\u0142ywa na szybko\u015bci dzia\u0142ania nawozu oraz powierzchni styku z cz\u0105steczkami, cechy te wp\u0142ywaj\u0105 na wysok\u0105 reaktywno\u015b\u0107 nawozu wynosz\u0105c\u0105 powy\u017cej 99%<\/span><\/span><\/p>\n<p><span style=\"color: #7a7a7a;\"><span style=\"font-family: Arial, serif;\">Jurak Premium wytwarzany jest za pomoc\u0105 nowoczesnej przemia\u0142owni w kt\u00f3rej powstaje p\u00f3\u0142produkt do nawozu, nast\u0119pnie dzi\u0119ki innowacyjnej instalacji wytwarzania nawoz\u00f3w granulowanych materia\u0142 zostaje przekszta\u0142cony do formy granulowanej. W ko\u0144cowej fazie produkcyjnej naw\u00f3z charakteryzuje si\u0119 bardzo nisk\u0105 wilgotno\u015bci\u0105 nawozu oraz wysok\u0105 twardo\u015bci\u0105 granuli.<\/span><\/span><\/p>\n<p><\/p>\n<p><span style=\"color: #7a7a7a;\"><span style=\"font-family: Arial, serif;\">Kontakt granul nawozu z wilgotn\u0105 gleb\u0105 lub ro\u015blin\u0105 powoduje ich natychmiastowy rozpad, jednocze\u015bnie wyj\u0105tkowo du\u017ce zwi\u0119kszenie powierzchni reakcji odkwaszanej gleby z substancj\u0105 odkwaszaj\u0105c\u0105. <br><\/span><\/span>\n<\/p><p style=\"margin-bottom: 0cm\"><font color=\"#7a7a7a\"><font face=\"Arial, serif\">Cenn\u0105\ncech\u0105 tego nawozu jest mo\u017cliwo\u015b\u0107 stosowania go wyj\u0105tkowo\nbezpiecznie i czysto \u2013 bezpy\u0142owo, co eliminuje cz\u0119ste konflikty\nwyst\u0119puj\u0105ce przy rozsiewie wapniowych nawoz\u00f3w pylistych.<\/font><\/font><\/p>\n<p style=\"margin-bottom: 0cm\"><br>\n<\/p>\n<ul><li><p style=\"margin-bottom: 0cm\"><font color=\"#7a7a7a\"><font face=\"Arial, serif\">Wyr\u00f3wnuje\n\todpowiednie pH gleby<\/font><\/font><\/p>\n\t<\/li><li><p style=\"margin-bottom: 0cm\"><font color=\"#7a7a7a\"><font face=\"Arial, serif\">Utrzymuje\n\tprzyswajalno\u015b\u0107 potasu, fosforu, magnezu <\/font><\/font>\n\t<\/p>\n\t<\/li><li><p style=\"margin-bottom: 0cm\"><font color=\"#7a7a7a\"><font face=\"Arial, serif\">Chroni\n\tro\u015bliny przed chorobami grzybicznymi<\/font><\/font><\/p>\n\t<\/li><li><p style=\"margin-bottom: 0cm\"><font color=\"#7a7a7a\"><font face=\"Arial, serif\">Zapewnia\n\todpowiedni\u0105 kondycj\u0119 masy korzeniowej<\/font><\/font><\/p>\n\t<\/li><li><p style=\"margin-bottom: 0cm\"><font color=\"#7a7a7a\"><font face=\"Arial, serif\">Usprawnia\n\tobieg azotu, siarki zapewniaj\u0105c zaopatrzenie ro\u015blin<\/font><\/font><\/p>\n\t<\/li><li><p style=\"margin-bottom: 0cm\"><font color=\"#7a7a7a\"><font face=\"Arial, serif\">Zabezpiecza\n\tro\u015bliny w wi\u0119kszym stopniu przed susz\u0105 ro\u015blin <\/font><\/font>\n\t<\/p>\n<\/li><\/ul>\t\t\t\t\t\t\t\t<\/div>\n\t\t\t\t<\/div>\n\t\t\t\t\t<\/div>\n\t\t<\/div>\n\t\t\t\t<div class=\"elementor-column elementor-col-33 elementor-top-column elementor-element elementor-element-4c90d05e\" data-id=\"4c90d05e\" data-element_type=\"column\" data-e-type=\"column\">\n\t\t\t<div class=\"elementor-widget-wrap elementor-element-populated\">\n\t\t\t\t\t\t<div class=\"elementor-element elementor-element-207ca03 elementor-widget elementor-widget-image\" data-id=\"207ca03\" data-element_type=\"widget\" data-e-type=\"widget\" data-widget_type=\"image.default\">\n\t\t\t\t<div class=\"elementor-widget-container\">\n\t\t\t\t\t\t\t\t\t\t\t\t\t\t\t<img fetchpriority=\"high\" decoding=\"async\" width=\"554\" height=\"554\" src=\"https:\/\/flora-debowski.pl\/nawozy_rolnicze\/wp-content\/uploads\/2025\/06\/Bez-nazwy-10001.png\" class=\"attachment-large size-large wp-image-1306\" alt=\"\" srcset=\"https:\/\/flora-debowski.pl\/nawozy_rolnicze\/wp-content\/uploads\/2025\/06\/Bez-nazwy-10001.png 554w, https:\/\/flora-debowski.pl\/nawozy_rolnicze\/wp-content\/uploads\/2025\/06\/Bez-nazwy-10001-300x300.png 300w, https:\/\/flora-debowski.pl\/nawozy_rolnicze\/wp-content\/uploads\/2025\/06\/Bez-nazwy-10001-150x150.png 150w, https:\/\/flora-debowski.pl\/nawozy_rolnicze\/wp-content\/uploads\/2025\/06\/Bez-nazwy-10001-370x370.png 370w, https:\/\/flora-debowski.pl\/nawozy_rolnicze\/wp-content\/uploads\/2025\/06\/Bez-nazwy-10001-512x512.png 512w\" sizes=\"(max-width: 554px) 100vw, 554px\" \/>\t\t\t\t\t\t\t\t\t\t\t\t\t\t\t<\/div>\n\t\t\t\t<\/div>\n\t\t\t\t\t<\/div>\n\t\t<\/div>\n\t\t\t\t\t<\/div>\n\t\t<\/section>\n\t\t\t\t<section class=\"elementor-section elementor-top-section elementor-element elementor-element-61f64ac8 elementor-section-boxed elementor-section-height-default elementor-section-height-default\" data-id=\"61f64ac8\" data-element_type=\"section\" data-e-type=\"section\">\n\t\t\t\t\t\t<div class=\"elementor-container elementor-column-gap-default\">\n\t\t\t\t\t<div class=\"elementor-column elementor-col-33 elementor-top-column elementor-element elementor-element-15166875\" data-id=\"15166875\" data-element_type=\"column\" data-e-type=\"column\">\n\t\t\t<div class=\"elementor-widget-wrap elementor-element-populated\">\n\t\t\t\t\t\t<div class=\"elementor-element elementor-element-361c67ab elementor-widget elementor-widget-counter\" data-id=\"361c67ab\" data-element_type=\"widget\" data-e-type=\"widget\" data-widget_type=\"counter.default\">\n\t\t\t\t<div class=\"elementor-widget-container\">\n\t\t\t\t\t\t\t<div class=\"elementor-counter\">\n\t\t\t<div class=\"elementor-counter-title\">W\u0119glan wapnia CaCo3<\/div>\t\t\t<div class=\"elementor-counter-number-wrapper\">\n\t\t\t\t<span class=\"elementor-counter-number-prefix\"><\/span>\n\t\t\t\t<span class=\"elementor-counter-number\" data-duration=\"2000\" data-to-value=\"90\" data-from-value=\"0\" data-delimiter=\",\">0<\/span>\n\t\t\t\t<span class=\"elementor-counter-number-suffix\">%<\/span>\n\t\t\t<\/div>\n\t\t<\/div>\n\t\t\t\t\t\t<\/div>\n\t\t\t\t<\/div>\n\t\t\t\t\t<\/div>\n\t\t<\/div>\n\t\t\t\t<div class=\"elementor-column elementor-col-33 elementor-top-column elementor-element elementor-element-4d2652ec\" data-id=\"4d2652ec\" data-element_type=\"column\" data-e-type=\"column\">\n\t\t\t<div class=\"elementor-widget-wrap elementor-element-populated\">\n\t\t\t\t\t\t<div class=\"elementor-element elementor-element-496854f1 elementor-widget__width-initial elementor-widget elementor-widget-counter\" data-id=\"496854f1\" data-element_type=\"widget\" data-e-type=\"widget\" data-widget_type=\"counter.default\">\n\t\t\t\t<div class=\"elementor-widget-container\">\n\t\t\t\t\t\t\t<div class=\"elementor-counter\">\n\t\t\t<div class=\"elementor-counter-title\">Liczba zoboj\u0119tniania<\/div>\t\t\t<div class=\"elementor-counter-number-wrapper\">\n\t\t\t\t<span class=\"elementor-counter-number-prefix\"><\/span>\n\t\t\t\t<span class=\"elementor-counter-number\" data-duration=\"2000\" data-to-value=\"51.5\" data-from-value=\"0\" data-delimiter=\",\">0<\/span>\n\t\t\t\t<span class=\"elementor-counter-number-suffix\">%<\/span>\n\t\t\t<\/div>\n\t\t<\/div>\n\t\t\t\t\t\t<\/div>\n\t\t\t\t<\/div>\n\t\t\t\t\t<\/div>\n\t\t<\/div>\n\t\t\t\t<div class=\"elementor-column elementor-col-33 elementor-top-column elementor-element elementor-element-2b71f7f9\" data-id=\"2b71f7f9\" data-element_type=\"column\" data-e-type=\"column\">\n\t\t\t<div class=\"elementor-widget-wrap elementor-element-populated\">\n\t\t\t\t\t\t<div class=\"elementor-element elementor-element-5660b30f elementor-widget elementor-widget-counter\" data-id=\"5660b30f\" data-element_type=\"widget\" data-e-type=\"widget\" data-widget_type=\"counter.default\">\n\t\t\t\t<div class=\"elementor-widget-container\">\n\t\t\t\t\t\t\t<div class=\"elementor-counter\">\n\t\t\t<div class=\"elementor-counter-title\">W\u0119giel organiczny<\/div>\t\t\t<div class=\"elementor-counter-number-wrapper\">\n\t\t\t\t<span class=\"elementor-counter-number-prefix\"><\/span>\n\t\t\t\t<span class=\"elementor-counter-number\" data-duration=\"2000\" data-to-value=\"4.6\" data-from-value=\"0\" data-delimiter=\",\">0<\/span>\n\t\t\t\t<span class=\"elementor-counter-number-suffix\">%<\/span>\n\t\t\t<\/div>\n\t\t<\/div>\n\t\t\t\t\t\t<\/div>\n\t\t\t\t<\/div>\n\t\t\t\t\t<\/div>\n\t\t<\/div>\n\t\t\t\t\t<\/div>\n\t\t<\/section>\n\t\t\t\t<section class=\"elementor-section elementor-top-section elementor-element elementor-element-532cde9e elementor-section-boxed elementor-section-height-default elementor-section-height-default\" data-id=\"532cde9e\" data-element_type=\"section\" data-e-type=\"section\">\n\t\t\t\t\t\t<div class=\"elementor-container elementor-column-gap-default\">\n\t\t\t\t\t<div class=\"elementor-column elementor-col-33 elementor-top-column elementor-element elementor-element-3573c6c6\" data-id=\"3573c6c6\" data-element_type=\"column\" data-e-type=\"column\">\n\t\t\t<div class=\"elementor-widget-wrap elementor-element-populated\">\n\t\t\t\t\t\t<div class=\"elementor-element elementor-element-779d01ce elementor-widget elementor-widget-counter\" data-id=\"779d01ce\" data-element_type=\"widget\" data-e-type=\"widget\" data-widget_type=\"counter.default\">\n\t\t\t\t<div class=\"elementor-widget-container\">\n\t\t\t\t\t\t\t<div class=\"elementor-counter\">\n\t\t\t<div class=\"elementor-counter-title\">Reaktywno\u015b\u0107 w kwasie chlorowodorowym<\/div>\t\t\t<div class=\"elementor-counter-number-wrapper\">\n\t\t\t\t<span class=\"elementor-counter-number-prefix\"><\/span>\n\t\t\t\t<span class=\"elementor-counter-number\" data-duration=\"2000\" data-to-value=\"92.5\" data-from-value=\"0\" data-delimiter=\",\">0<\/span>\n\t\t\t\t<span class=\"elementor-counter-number-suffix\">%<\/span>\n\t\t\t<\/div>\n\t\t<\/div>\n\t\t\t\t\t\t<\/div>\n\t\t\t\t<\/div>\n\t\t\t\t\t<\/div>\n\t\t<\/div>\n\t\t\t\t<div class=\"elementor-column elementor-col-33 elementor-top-column elementor-element elementor-element-25b513f4\" data-id=\"25b513f4\" data-element_type=\"column\" data-e-type=\"column\">\n\t\t\t<div class=\"elementor-widget-wrap elementor-element-populated\">\n\t\t\t\t\t\t<div class=\"elementor-element elementor-element-449a1b23 elementor-widget elementor-widget-counter\" data-id=\"449a1b23\" data-element_type=\"widget\" data-e-type=\"widget\" data-widget_type=\"counter.default\">\n\t\t\t\t<div class=\"elementor-widget-container\">\n\t\t\t\t\t\t\t<div class=\"elementor-counter\">\n\t\t\t<div class=\"elementor-counter-title\">Granulacja 3-6 mm, min<\/div>\t\t\t<div class=\"elementor-counter-number-wrapper\">\n\t\t\t\t<span class=\"elementor-counter-number-prefix\"><\/span>\n\t\t\t\t<span class=\"elementor-counter-number\" data-duration=\"2000\" data-to-value=\"90\" data-from-value=\"0\" data-delimiter=\",\">0<\/span>\n\t\t\t\t<span class=\"elementor-counter-number-suffix\">%<\/span>\n\t\t\t<\/div>\n\t\t<\/div>\n\t\t\t\t\t\t<\/div>\n\t\t\t\t<\/div>\n\t\t\t\t\t<\/div>\n\t\t<\/div>\n\t\t\t\t<div class=\"elementor-column elementor-col-33 elementor-top-column elementor-element elementor-element-1fe679e\" data-id=\"1fe679e\" data-element_type=\"column\" data-e-type=\"column\">\n\t\t\t<div class=\"elementor-widget-wrap elementor-element-populated\">\n\t\t\t\t\t\t<div class=\"elementor-element elementor-element-7c3d3897 elementor-widget elementor-widget-counter\" data-id=\"7c3d3897\" data-element_type=\"widget\" data-e-type=\"widget\" data-widget_type=\"counter.default\">\n\t\t\t\t<div class=\"elementor-widget-container\">\n\t\t\t\t\t\t\t<div class=\"elementor-counter\">\n\t\t\t<div class=\"elementor-counter-title\">Wilgotno\u015b\u0107<\/div>\t\t\t<div class=\"elementor-counter-number-wrapper\">\n\t\t\t\t<span class=\"elementor-counter-number-prefix\"><\/span>\n\t\t\t\t<span class=\"elementor-counter-number\" data-duration=\"2000\" data-to-value=\"8\" data-from-value=\"0\" data-delimiter=\",\">0<\/span>\n\t\t\t\t<span class=\"elementor-counter-number-suffix\">%<\/span>\n\t\t\t<\/div>\n\t\t<\/div>\n\t\t\t\t\t\t<\/div>\n\t\t\t\t<\/div>\n\t\t\t\t\t<\/div>\n\t\t<\/div>\n\t\t\t\t\t<\/div>\n\t\t<\/section>\n\t\t\t\t<section class=\"elementor-section elementor-top-section elementor-element elementor-element-6121398 elementor-section-boxed elementor-section-height-default elementor-section-height-default\" data-id=\"6121398\" data-element_type=\"section\" data-e-type=\"section\">\n\t\t\t\t\t\t<div class=\"elementor-container elementor-column-gap-default\">\n\t\t\t\t\t<div class=\"elementor-column elementor-col-100 elementor-top-column elementor-element elementor-element-450a98c\" data-id=\"450a98c\" data-element_type=\"column\" data-e-type=\"column\">\n\t\t\t<div class=\"elementor-widget-wrap elementor-element-populated\">\n\t\t\t\t\t\t<div class=\"elementor-element elementor-element-53d769b elementor-widget elementor-widget-image\" data-id=\"53d769b\" data-element_type=\"widget\" data-e-type=\"widget\" data-widget_type=\"image.default\">\n\t\t\t\t<div class=\"elementor-widget-container\">\n\t\t\t\t\t\t\t\t\t\t\t\t\t\t\t<img decoding=\"async\" width=\"1024\" height=\"630\" src=\"https:\/\/flora-debowski.pl\/nawozy_rolnicze\/wp-content\/uploads\/2025\/05\/granulka.jpg\" class=\"attachment-large size-large wp-image-1244\" alt=\"\" srcset=\"https:\/\/flora-debowski.pl\/nawozy_rolnicze\/wp-content\/uploads\/2025\/05\/granulka.jpg 1024w, https:\/\/flora-debowski.pl\/nawozy_rolnicze\/wp-content\/uploads\/2025\/05\/granulka-300x185.jpg 300w, https:\/\/flora-debowski.pl\/nawozy_rolnicze\/wp-content\/uploads\/2025\/05\/granulka-768x473.jpg 768w, https:\/\/flora-debowski.pl\/nawozy_rolnicze\/wp-content\/uploads\/2025\/05\/granulka-370x228.jpg 370w\" sizes=\"(max-width: 1024px) 100vw, 1024px\" \/>\t\t\t\t\t\t\t\t\t\t\t\t\t\t\t<\/div>\n\t\t\t\t<\/div>\n\t\t\t\t\t<\/div>\n\t\t<\/div>\n\t\t\t\t\t<\/div>\n\t\t<\/section>\n\t\t\t\t<\/div>\n\t\t","protected":false},"excerpt":{"rendered":"<p>JURAK PREMIUM to najwy\u017cszej jako\u015bci granulowany naw\u00f3z w\u0119glanowy, wytwarzanym w procesie granulacji uprzednio silnie rozdrobnionej, mi\u0119kkiej ska\u0142y wapiennej. Wysoki stopie\u0144 zmielenia i rozdrobnienia u\u017cytego surowca wp\u0142ywa na szybko\u015bci dzia\u0142ania nawozu oraz powierzchni styku z cz\u0105steczkami, cechy te wp\u0142ywaj\u0105 na wysok\u0105 reaktywno\u015b\u0107 nawozu wynosz\u0105c\u0105 powy\u017cej 99% Jurak Premium wytwarzany jest za pomoc\u0105 nowoczesnej przemia\u0142owni w kt\u00f3rej [&hellip;]<\/p>\n","protected":false},"author":1,"featured_media":0,"parent":0,"menu_order":0,"comment_status":"closed","ping_status":"closed","template":"","meta":{"rs_blank_template":"","rs_page_bg_color":"","slide_template_v7":"","footnotes":""},"class_list":["post-1234","page","type-page","status-publish","hentry","no-thumb"],"_links":{"self":[{"href":"https:\/\/flora-debowski.pl\/nawozy_rolnicze\/wp-json\/wp\/v2\/pages\/1234","targetHints":{"allow":["GET"]}}],"collection":[{"href":"https:\/\/flora-debowski.pl\/nawozy_rolnicze\/wp-json\/wp\/v2\/pages"}],"about":[{"href":"https:\/\/flora-debowski.pl\/nawozy_rolnicze\/wp-json\/wp\/v2\/types\/page"}],"author":[{"embeddable":true,"href":"https:\/\/flora-debowski.pl\/nawozy_rolnicze\/wp-json\/wp\/v2\/users\/1"}],"replies":[{"embeddable":true,"href":"https:\/\/flora-debowski.pl\/nawozy_rolnicze\/wp-json\/wp\/v2\/comments?post=1234"}],"version-history":[{"count":7,"href":"https:\/\/flora-debowski.pl\/nawozy_rolnicze\/wp-json\/wp\/v2\/pages\/1234\/revisions"}],"predecessor-version":[{"id":1317,"href":"https:\/\/flora-debowski.pl\/nawozy_rolnicze\/wp-json\/wp\/v2\/pages\/1234\/revisions\/1317"}],"wp:attachment":[{"href":"https:\/\/flora-debowski.pl\/nawozy_rolnicze\/wp-json\/wp\/v2\/media?parent=1234"}],"curies":[{"name":"wp","href":"https:\/\/api.w.org\/{rel}","templated":true}]}}