{"id":1251,"date":"2025-05-22T13:12:03","date_gmt":"2025-05-22T11:12:03","guid":{"rendered":"https:\/\/flora-debowski.pl\/nawozy_rolnicze\/?page_id=1251"},"modified":"2025-06-02T11:22:40","modified_gmt":"2025-06-02T09:22:40","slug":"jurak-humi","status":"publish","type":"page","link":"https:\/\/flora-debowski.pl\/nawozy_rolnicze\/jurak-humi\/","title":{"rendered":"Jurak Humi"},"content":{"rendered":"\t\t<div data-elementor-type=\"wp-page\" data-elementor-id=\"1251\" class=\"elementor elementor-1251\">\n\t\t\t\t\t\t<section class=\"elementor-section elementor-top-section elementor-element elementor-element-1812bf6f elementor-section-boxed elementor-section-height-default elementor-section-height-default\" data-id=\"1812bf6f\" data-element_type=\"section\" data-e-type=\"section\">\n\t\t\t\t\t\t<div class=\"elementor-container elementor-column-gap-default\">\n\t\t\t\t\t<div class=\"elementor-column elementor-col-66 elementor-top-column elementor-element elementor-element-720ee338\" data-id=\"720ee338\" data-element_type=\"column\" data-e-type=\"column\">\n\t\t\t<div class=\"elementor-widget-wrap elementor-element-populated\">\n\t\t\t\t\t\t<div class=\"elementor-element elementor-element-2be4a8a0 elementor-widget__width-initial elementor-widget elementor-widget-text-editor\" data-id=\"2be4a8a0\" data-element_type=\"widget\" data-e-type=\"widget\" data-widget_type=\"text-editor.default\">\n\t\t\t\t<div class=\"elementor-widget-container\">\n\t\t\t\t\t\t\t\t\t<p><span style=\"color: #000000;\"><span style=\"color: #7a7a7a;\">Jurak Humi 35 granulowany, wysokoreaktywny naw\u00f3z s\u0142u\u017c\u0105cy do skutecznego odkwaszania oraz skutecznego poprawienia \u017cyzno\u015bci gleby. Wp\u0142ywa bezpo\u015brednio na odbudow\u0119 pr\u00f3chnicy i regulacj\u0119\/ zatrzymanie wody w glebie. Zawarte sk\u0142adniki w nawozie kreda jeziorna, kalcyt, sk\u0142adniki organiczne takie jak w\u0119giel organiczny i kwasy humusowe huminy oraz fulwowe, mikro- i makroelementy jak siarka, potas, azot, magnez, fosfor wp\u0142ywaj\u0105 na struktur\u0119 gleby a tak\u017ce poziom pr\u00f3chnicy w ziemi.<\/span><span style=\"color: #7a7a7a;\"><span style=\"font-family: Roboto, serif;\">&nbsp;<\/span><\/span><\/span><\/p>\n<p><span style=\"color: #000000;\"><span style=\"color: #7a7a7a;\">Stosuj\u0105c naw\u00f3z Jurak Humi ro\u015bliny s\u0105 dobrze od\u017cywione, lepiej znosz\u0105 susze, przymrozki, stresy wegetacyjne, produktywnie pobieraj\u0105 makrosk\u0142adniki z pod\u0142o\u017ca co wp\u0142ywa na ekonomik\u0119 plon\u00f3w.<\/span><\/span><\/p>\n\n<p>    \u2022 Reguluje bardzo skutecznie odczyn gleby<br>\u2022 Zawiera du\u017co pr\u00f3chnicy<br>\u2022 Zasobny w sk\u0142adniki pokarmowe \u2013 makro i \u2013 mikroelementy<br>\u2022 Stosowanie nawozu zatrzymuje wody opadowe<br>\u2022 Magazynuje azot, fosfor, potas i inne sk\u0142adniki pokarmowe<\/p>\t\t\t\t\t\t\t\t<\/div>\n\t\t\t\t<\/div>\n\t\t\t\t\t<\/div>\n\t\t<\/div>\n\t\t\t\t<div class=\"elementor-column elementor-col-33 elementor-top-column elementor-element elementor-element-6f5f3065\" data-id=\"6f5f3065\" data-element_type=\"column\" data-e-type=\"column\">\n\t\t\t<div class=\"elementor-widget-wrap elementor-element-populated\">\n\t\t\t\t\t\t<div class=\"elementor-element elementor-element-19524d66 elementor-widget elementor-widget-image\" data-id=\"19524d66\" data-element_type=\"widget\" data-e-type=\"widget\" data-widget_type=\"image.default\">\n\t\t\t\t<div class=\"elementor-widget-container\">\n\t\t\t\t\t\t\t\t\t\t\t\t\t\t\t<img fetchpriority=\"high\" decoding=\"async\" width=\"554\" height=\"554\" src=\"https:\/\/flora-debowski.pl\/nawozy_rolnicze\/wp-content\/uploads\/2025\/06\/Bez-nazwy-10002.png\" class=\"attachment-large size-large wp-image-1307\" alt=\"\" srcset=\"https:\/\/flora-debowski.pl\/nawozy_rolnicze\/wp-content\/uploads\/2025\/06\/Bez-nazwy-10002.png 554w, https:\/\/flora-debowski.pl\/nawozy_rolnicze\/wp-content\/uploads\/2025\/06\/Bez-nazwy-10002-300x300.png 300w, https:\/\/flora-debowski.pl\/nawozy_rolnicze\/wp-content\/uploads\/2025\/06\/Bez-nazwy-10002-150x150.png 150w, https:\/\/flora-debowski.pl\/nawozy_rolnicze\/wp-content\/uploads\/2025\/06\/Bez-nazwy-10002-370x370.png 370w, https:\/\/flora-debowski.pl\/nawozy_rolnicze\/wp-content\/uploads\/2025\/06\/Bez-nazwy-10002-512x512.png 512w\" sizes=\"(max-width: 554px) 100vw, 554px\" \/>\t\t\t\t\t\t\t\t\t\t\t\t\t\t\t<\/div>\n\t\t\t\t<\/div>\n\t\t\t\t\t<\/div>\n\t\t<\/div>\n\t\t\t\t\t<\/div>\n\t\t<\/section>\n\t\t\t\t<section class=\"elementor-section elementor-top-section elementor-element elementor-element-52615834 elementor-section-boxed elementor-section-height-default elementor-section-height-default\" data-id=\"52615834\" data-element_type=\"section\" data-e-type=\"section\">\n\t\t\t\t\t\t<div class=\"elementor-container elementor-column-gap-default\">\n\t\t\t\t\t<div class=\"elementor-column elementor-col-33 elementor-top-column elementor-element elementor-element-350e9198\" data-id=\"350e9198\" data-element_type=\"column\" data-e-type=\"column\">\n\t\t\t<div class=\"elementor-widget-wrap elementor-element-populated\">\n\t\t\t\t\t\t<div class=\"elementor-element elementor-element-6ecffdcd elementor-widget elementor-widget-counter\" data-id=\"6ecffdcd\" data-element_type=\"widget\" data-e-type=\"widget\" data-widget_type=\"counter.default\">\n\t\t\t\t<div class=\"elementor-widget-container\">\n\t\t\t\t\t\t\t<div class=\"elementor-counter\">\n\t\t\t<div class=\"elementor-counter-title\">W\u0119glan wapnia CaCo3<\/div>\t\t\t<div class=\"elementor-counter-number-wrapper\">\n\t\t\t\t<span class=\"elementor-counter-number-prefix\"><\/span>\n\t\t\t\t<span class=\"elementor-counter-number\" data-duration=\"2000\" data-to-value=\"93\" data-from-value=\"0\" data-delimiter=\",\">0<\/span>\n\t\t\t\t<span class=\"elementor-counter-number-suffix\">%<\/span>\n\t\t\t<\/div>\n\t\t<\/div>\n\t\t\t\t\t\t<\/div>\n\t\t\t\t<\/div>\n\t\t\t\t\t<\/div>\n\t\t<\/div>\n\t\t\t\t<div class=\"elementor-column elementor-col-33 elementor-top-column elementor-element elementor-element-93e5fea\" data-id=\"93e5fea\" data-element_type=\"column\" data-e-type=\"column\">\n\t\t\t<div class=\"elementor-widget-wrap elementor-element-populated\">\n\t\t\t\t\t\t<div class=\"elementor-element elementor-element-5b3c03e4 elementor-widget elementor-widget-counter\" data-id=\"5b3c03e4\" data-element_type=\"widget\" data-e-type=\"widget\" data-widget_type=\"counter.default\">\n\t\t\t\t<div class=\"elementor-widget-container\">\n\t\t\t\t\t\t\t<div class=\"elementor-counter\">\n\t\t\t<div class=\"elementor-counter-title\">Liczba zoboj\u0119tniania<\/div>\t\t\t<div class=\"elementor-counter-number-wrapper\">\n\t\t\t\t<span class=\"elementor-counter-number-prefix\"><\/span>\n\t\t\t\t<span class=\"elementor-counter-number\" data-duration=\"2000\" data-to-value=\"51.6\" data-from-value=\"0\" data-delimiter=\",\">0<\/span>\n\t\t\t\t<span class=\"elementor-counter-number-suffix\">%<\/span>\n\t\t\t<\/div>\n\t\t<\/div>\n\t\t\t\t\t\t<\/div>\n\t\t\t\t<\/div>\n\t\t\t\t\t<\/div>\n\t\t<\/div>\n\t\t\t\t<div class=\"elementor-column elementor-col-33 elementor-top-column elementor-element elementor-element-29f24bad\" data-id=\"29f24bad\" data-element_type=\"column\" data-e-type=\"column\">\n\t\t\t<div class=\"elementor-widget-wrap elementor-element-populated\">\n\t\t\t\t\t\t<div class=\"elementor-element elementor-element-29c6dfff elementor-widget elementor-widget-counter\" data-id=\"29c6dfff\" data-element_type=\"widget\" data-e-type=\"widget\" data-widget_type=\"counter.default\">\n\t\t\t\t<div class=\"elementor-widget-container\">\n\t\t\t\t\t\t\t<div class=\"elementor-counter\">\n\t\t\t<div class=\"elementor-counter-title\">W\u0119giel organiczny<\/div>\t\t\t<div class=\"elementor-counter-number-wrapper\">\n\t\t\t\t<span class=\"elementor-counter-number-prefix\"><\/span>\n\t\t\t\t<span class=\"elementor-counter-number\" data-duration=\"2000\" data-to-value=\"4.6\" data-from-value=\"0\" data-delimiter=\",\">0<\/span>\n\t\t\t\t<span class=\"elementor-counter-number-suffix\">%<\/span>\n\t\t\t<\/div>\n\t\t<\/div>\n\t\t\t\t\t\t<\/div>\n\t\t\t\t<\/div>\n\t\t\t\t\t<\/div>\n\t\t<\/div>\n\t\t\t\t\t<\/div>\n\t\t<\/section>\n\t\t\t\t<section class=\"elementor-section elementor-top-section elementor-element elementor-element-4dd63d6e elementor-section-boxed elementor-section-height-default elementor-section-height-default\" data-id=\"4dd63d6e\" data-element_type=\"section\" data-e-type=\"section\">\n\t\t\t\t\t\t<div class=\"elementor-container elementor-column-gap-default\">\n\t\t\t\t\t<div class=\"elementor-column elementor-col-33 elementor-top-column elementor-element elementor-element-4ea2c50b\" data-id=\"4ea2c50b\" data-element_type=\"column\" data-e-type=\"column\">\n\t\t\t<div class=\"elementor-widget-wrap elementor-element-populated\">\n\t\t\t\t\t\t<div class=\"elementor-element elementor-element-12d87fbb elementor-widget elementor-widget-counter\" data-id=\"12d87fbb\" data-element_type=\"widget\" data-e-type=\"widget\" data-widget_type=\"counter.default\">\n\t\t\t\t<div class=\"elementor-widget-container\">\n\t\t\t\t\t\t\t<div class=\"elementor-counter\">\n\t\t\t<div class=\"elementor-counter-title\">Reaktywno\u015b\u0107 w kwasie chlorowodorowym<\/div>\t\t\t<div class=\"elementor-counter-number-wrapper\">\n\t\t\t\t<span class=\"elementor-counter-number-prefix\"><\/span>\n\t\t\t\t<span class=\"elementor-counter-number\" data-duration=\"2000\" data-to-value=\"100\" data-from-value=\"0\" data-delimiter=\",\">0<\/span>\n\t\t\t\t<span class=\"elementor-counter-number-suffix\">%<\/span>\n\t\t\t<\/div>\n\t\t<\/div>\n\t\t\t\t\t\t<\/div>\n\t\t\t\t<\/div>\n\t\t\t\t\t<\/div>\n\t\t<\/div>\n\t\t\t\t<div class=\"elementor-column elementor-col-33 elementor-top-column elementor-element elementor-element-5d0d96b0\" data-id=\"5d0d96b0\" data-element_type=\"column\" data-e-type=\"column\">\n\t\t\t<div class=\"elementor-widget-wrap elementor-element-populated\">\n\t\t\t\t\t\t<div class=\"elementor-element elementor-element-70dd713a elementor-widget elementor-widget-counter\" data-id=\"70dd713a\" data-element_type=\"widget\" data-e-type=\"widget\" data-widget_type=\"counter.default\">\n\t\t\t\t<div class=\"elementor-widget-container\">\n\t\t\t\t\t\t\t<div class=\"elementor-counter\">\n\t\t\t<div class=\"elementor-counter-title\">Granulacja 2-6 mm, min<\/div>\t\t\t<div class=\"elementor-counter-number-wrapper\">\n\t\t\t\t<span class=\"elementor-counter-number-prefix\"><\/span>\n\t\t\t\t<span class=\"elementor-counter-number\" data-duration=\"2000\" data-to-value=\"90\" data-from-value=\"0\" data-delimiter=\",\">0<\/span>\n\t\t\t\t<span class=\"elementor-counter-number-suffix\">%<\/span>\n\t\t\t<\/div>\n\t\t<\/div>\n\t\t\t\t\t\t<\/div>\n\t\t\t\t<\/div>\n\t\t\t\t\t<\/div>\n\t\t<\/div>\n\t\t\t\t<div class=\"elementor-column elementor-col-33 elementor-top-column elementor-element elementor-element-48dd17c3\" data-id=\"48dd17c3\" data-element_type=\"column\" data-e-type=\"column\">\n\t\t\t<div class=\"elementor-widget-wrap elementor-element-populated\">\n\t\t\t\t\t\t<div class=\"elementor-element elementor-element-3c3efef6 elementor-widget elementor-widget-text-editor\" data-id=\"3c3efef6\" data-element_type=\"widget\" data-e-type=\"widget\" data-widget_type=\"text-editor.default\">\n\t\t\t\t<div class=\"elementor-widget-container\">\n\t\t\t\t\t\t\t\t\t<p style=\"text-align: center;\"><span style=\"color: #000000;\"><strong>Mikro- i makroelementy<\/strong> <br \/>( N,P,K, S,Fe, Mg,Ca, Mn, Cu, B)<\/span><\/p>\t\t\t\t\t\t\t\t<\/div>\n\t\t\t\t<\/div>\n\t\t\t\t\t<\/div>\n\t\t<\/div>\n\t\t\t\t\t<\/div>\n\t\t<\/section>\n\t\t\t\t<section class=\"elementor-section elementor-top-section elementor-element elementor-element-7d3303b elementor-section-boxed elementor-section-height-default elementor-section-height-default\" data-id=\"7d3303b\" data-element_type=\"section\" data-e-type=\"section\">\n\t\t\t\t\t\t<div class=\"elementor-container elementor-column-gap-default\">\n\t\t\t\t\t<div class=\"elementor-column elementor-col-100 elementor-top-column elementor-element elementor-element-3d1b748\" data-id=\"3d1b748\" data-element_type=\"column\" data-e-type=\"column\">\n\t\t\t<div class=\"elementor-widget-wrap elementor-element-populated\">\n\t\t\t\t\t\t<div class=\"elementor-element elementor-element-ac1af06 elementor-widget elementor-widget-image\" data-id=\"ac1af06\" data-element_type=\"widget\" data-e-type=\"widget\" data-widget_type=\"image.default\">\n\t\t\t\t<div class=\"elementor-widget-container\">\n\t\t\t\t\t\t\t\t\t\t\t\t\t\t\t<img decoding=\"async\" width=\"1024\" height=\"630\" src=\"https:\/\/flora-debowski.pl\/nawozy_rolnicze\/wp-content\/uploads\/2025\/05\/granulat-1.png\" class=\"attachment-large size-large wp-image-1259\" alt=\"\" srcset=\"https:\/\/flora-debowski.pl\/nawozy_rolnicze\/wp-content\/uploads\/2025\/05\/granulat-1.png 1024w, https:\/\/flora-debowski.pl\/nawozy_rolnicze\/wp-content\/uploads\/2025\/05\/granulat-1-300x185.png 300w, https:\/\/flora-debowski.pl\/nawozy_rolnicze\/wp-content\/uploads\/2025\/05\/granulat-1-768x473.png 768w, https:\/\/flora-debowski.pl\/nawozy_rolnicze\/wp-content\/uploads\/2025\/05\/granulat-1-370x228.png 370w\" sizes=\"(max-width: 1024px) 100vw, 1024px\" \/>\t\t\t\t\t\t\t\t\t\t\t\t\t\t\t<\/div>\n\t\t\t\t<\/div>\n\t\t\t\t\t<\/div>\n\t\t<\/div>\n\t\t\t\t\t<\/div>\n\t\t<\/section>\n\t\t\t\t<\/div>\n\t\t","protected":false},"excerpt":{"rendered":"<p>Jurak Humi 35 granulowany, wysokoreaktywny naw\u00f3z s\u0142u\u017c\u0105cy do skutecznego odkwaszania oraz skutecznego poprawienia \u017cyzno\u015bci gleby. Wp\u0142ywa bezpo\u015brednio na odbudow\u0119 pr\u00f3chnicy i regulacj\u0119\/ zatrzymanie wody w glebie. Zawarte sk\u0142adniki w nawozie kreda jeziorna, kalcyt, sk\u0142adniki organiczne takie jak w\u0119giel organiczny i kwasy humusowe huminy oraz fulwowe, mikro- i makroelementy jak siarka, potas, azot, magnez, fosfor wp\u0142ywaj\u0105 [&hellip;]<\/p>\n","protected":false},"author":1,"featured_media":0,"parent":0,"menu_order":0,"comment_status":"closed","ping_status":"closed","template":"","meta":{"rs_blank_template":"","rs_page_bg_color":"","slide_template_v7":"","footnotes":""},"class_list":["post-1251","page","type-page","status-publish","hentry","no-thumb"],"_links":{"self":[{"href":"https:\/\/flora-debowski.pl\/nawozy_rolnicze\/wp-json\/wp\/v2\/pages\/1251","targetHints":{"allow":["GET"]}}],"collection":[{"href":"https:\/\/flora-debowski.pl\/nawozy_rolnicze\/wp-json\/wp\/v2\/pages"}],"about":[{"href":"https:\/\/flora-debowski.pl\/nawozy_rolnicze\/wp-json\/wp\/v2\/types\/page"}],"author":[{"embeddable":true,"href":"https:\/\/flora-debowski.pl\/nawozy_rolnicze\/wp-json\/wp\/v2\/users\/1"}],"replies":[{"embeddable":true,"href":"https:\/\/flora-debowski.pl\/nawozy_rolnicze\/wp-json\/wp\/v2\/comments?post=1251"}],"version-history":[{"count":7,"href":"https:\/\/flora-debowski.pl\/nawozy_rolnicze\/wp-json\/wp\/v2\/pages\/1251\/revisions"}],"predecessor-version":[{"id":1320,"href":"https:\/\/flora-debowski.pl\/nawozy_rolnicze\/wp-json\/wp\/v2\/pages\/1251\/revisions\/1320"}],"wp:attachment":[{"href":"https:\/\/flora-debowski.pl\/nawozy_rolnicze\/wp-json\/wp\/v2\/media?parent=1251"}],"curies":[{"name":"wp","href":"https:\/\/api.w.org\/{rel}","templated":true}]}}