{"id":1288,"date":"2025-05-22T13:21:47","date_gmt":"2025-05-22T11:21:47","guid":{"rendered":"https:\/\/flora-debowski.pl\/nawozy_rolnicze\/?page_id=1288"},"modified":"2025-06-02T11:26:13","modified_gmt":"2025-06-02T09:26:13","slug":"kazar","status":"publish","type":"page","link":"https:\/\/flora-debowski.pl\/nawozy_rolnicze\/kazar\/","title":{"rendered":"Kazar"},"content":{"rendered":"\t\t<div data-elementor-type=\"wp-page\" data-elementor-id=\"1288\" class=\"elementor elementor-1288\">\n\t\t\t\t\t\t<section class=\"elementor-section elementor-top-section elementor-element elementor-element-66a9d8c elementor-section-boxed elementor-section-height-default elementor-section-height-default\" data-id=\"66a9d8c\" data-element_type=\"section\" data-e-type=\"section\">\n\t\t\t\t\t\t<div class=\"elementor-container elementor-column-gap-default\">\n\t\t\t\t\t<div class=\"elementor-column elementor-col-100 elementor-top-column elementor-element elementor-element-67f786c\" data-id=\"67f786c\" data-element_type=\"column\" data-e-type=\"column\">\n\t\t\t<div class=\"elementor-widget-wrap elementor-element-populated\">\n\t\t\t\t\t\t<section class=\"elementor-section elementor-inner-section elementor-element elementor-element-f7a9d65 elementor-section-height-default elementor-section-boxed elementor-section-height-default\" data-id=\"f7a9d65\" data-element_type=\"section\" data-e-type=\"section\">\n\t\t\t\t\t\t<div class=\"elementor-container elementor-column-gap-default\">\n\t\t\t\t\t<div class=\"elementor-column elementor-col-66 elementor-top-column elementor-element elementor-element-979dedc\" data-id=\"979dedc\" data-element_type=\"column\" data-e-type=\"column\">\n\t\t\t<div class=\"elementor-widget-wrap elementor-element-populated\">\n\t\t\t\t\t\t<div class=\"elementor-element elementor-element-b33c288 elementor-widget elementor-widget-text-editor\" data-id=\"b33c288\" data-element_type=\"widget\" data-e-type=\"widget\" data-widget_type=\"text-editor.default\">\n\t\t\t\t<div class=\"elementor-widget-container\">\n\t\t\t\t\t\t\t\t\t<p><strong>SIARCZAN MAGNEZU SIEDMIOWODNY<br \/><\/strong><br \/>Siarczan magnezu KAZAR to pe\u0142ni rozpuszczalny naw\u00f3z do nawo\u017cenia i dokarmiania dolistnego upraw: rolniczych, ogrodniczych i sadowniczych oraz nawo\u017cenia z nawadnianiem (fertygacji) w formie krystalicznej bez \u017cadnych zanieczyszcze\u0144.<\/p><p>Natychmiastowo i efektywnie dostarcza ro\u015blinom magnez i siark\u0119<\/p>\t\t\t\t\t\t\t\t<\/div>\n\t\t\t\t<\/div>\n\t\t\t\t\t<\/div>\n\t\t<\/div>\n\t\t\t\t<div class=\"elementor-column elementor-col-33 elementor-top-column elementor-element elementor-element-bd31376\" data-id=\"bd31376\" data-element_type=\"column\" data-e-type=\"column\">\n\t\t\t<div class=\"elementor-widget-wrap elementor-element-populated\">\n\t\t\t\t\t\t<div class=\"elementor-element elementor-element-4a23888 elementor-widget elementor-widget-image\" data-id=\"4a23888\" data-element_type=\"widget\" data-e-type=\"widget\" data-widget_type=\"image.default\">\n\t\t\t\t<div class=\"elementor-widget-container\">\n\t\t\t\t\t\t\t\t\t\t\t\t\t\t\t<img fetchpriority=\"high\" decoding=\"async\" width=\"554\" height=\"554\" src=\"https:\/\/flora-debowski.pl\/nawozy_rolnicze\/wp-content\/uploads\/2025\/06\/Bez-nazwy-10005.png\" class=\"attachment-large size-large wp-image-1310\" alt=\"\" srcset=\"https:\/\/flora-debowski.pl\/nawozy_rolnicze\/wp-content\/uploads\/2025\/06\/Bez-nazwy-10005.png 554w, https:\/\/flora-debowski.pl\/nawozy_rolnicze\/wp-content\/uploads\/2025\/06\/Bez-nazwy-10005-300x300.png 300w, https:\/\/flora-debowski.pl\/nawozy_rolnicze\/wp-content\/uploads\/2025\/06\/Bez-nazwy-10005-150x150.png 150w, https:\/\/flora-debowski.pl\/nawozy_rolnicze\/wp-content\/uploads\/2025\/06\/Bez-nazwy-10005-370x370.png 370w, https:\/\/flora-debowski.pl\/nawozy_rolnicze\/wp-content\/uploads\/2025\/06\/Bez-nazwy-10005-512x512.png 512w\" sizes=\"(max-width: 554px) 100vw, 554px\" \/>\t\t\t\t\t\t\t\t\t\t\t\t\t\t\t<\/div>\n\t\t\t\t<\/div>\n\t\t\t\t\t<\/div>\n\t\t<\/div>\n\t\t\t\t\t<\/div>\n\t\t<\/section>\n\t\t\t\t\t<\/div>\n\t\t<\/div>\n\t\t\t\t\t<\/div>\n\t\t<\/section>\n\t\t\t\t<section class=\"elementor-section elementor-top-section elementor-element elementor-element-8a70a34 elementor-section-boxed elementor-section-height-default elementor-section-height-default\" data-id=\"8a70a34\" data-element_type=\"section\" data-e-type=\"section\">\n\t\t\t\t\t\t<div class=\"elementor-container elementor-column-gap-default\">\n\t\t\t\t\t<div class=\"elementor-column elementor-col-100 elementor-top-column elementor-element elementor-element-f9c9ea5\" data-id=\"f9c9ea5\" data-element_type=\"column\" data-e-type=\"column\">\n\t\t\t<div class=\"elementor-widget-wrap elementor-element-populated\">\n\t\t\t\t\t\t<section class=\"elementor-section elementor-inner-section elementor-element elementor-element-196b8a4 elementor-section-height-default elementor-section-boxed elementor-section-height-default\" data-id=\"196b8a4\" data-element_type=\"section\" data-e-type=\"section\">\n\t\t\t\t\t\t<div class=\"elementor-container elementor-column-gap-default\">\n\t\t\t\t\t<div class=\"elementor-column elementor-col-50 elementor-top-column elementor-element elementor-element-a75f930\" data-id=\"a75f930\" data-element_type=\"column\" data-e-type=\"column\">\n\t\t\t<div class=\"elementor-widget-wrap elementor-element-populated\">\n\t\t\t\t\t\t<div class=\"elementor-element elementor-element-a0a5b7e elementor-widget elementor-widget-counter\" data-id=\"a0a5b7e\" data-element_type=\"widget\" data-e-type=\"widget\" data-widget_type=\"counter.default\">\n\t\t\t\t<div class=\"elementor-widget-container\">\n\t\t\t\t\t\t\t<div class=\"elementor-counter\">\n\t\t\t<div class=\"elementor-counter-title\">tlenku mgnezu ( MgO) <br>rozpuszczalnego w wodzie<\/div>\t\t\t<div class=\"elementor-counter-number-wrapper\">\n\t\t\t\t<span class=\"elementor-counter-number-prefix\"><\/span>\n\t\t\t\t<span class=\"elementor-counter-number\" data-duration=\"2000\" data-to-value=\"16\" data-from-value=\"0\" data-delimiter=\",\">0<\/span>\n\t\t\t\t<span class=\"elementor-counter-number-suffix\">%<\/span>\n\t\t\t<\/div>\n\t\t<\/div>\n\t\t\t\t\t\t<\/div>\n\t\t\t\t<\/div>\n\t\t\t\t\t<\/div>\n\t\t<\/div>\n\t\t\t\t<div class=\"elementor-column elementor-col-50 elementor-top-column elementor-element elementor-element-7894600\" data-id=\"7894600\" data-element_type=\"column\" data-e-type=\"column\">\n\t\t\t<div class=\"elementor-widget-wrap elementor-element-populated\">\n\t\t\t\t\t\t<div class=\"elementor-element elementor-element-087ab4d elementor-widget elementor-widget-counter\" data-id=\"087ab4d\" data-element_type=\"widget\" data-e-type=\"widget\" data-widget_type=\"counter.default\">\n\t\t\t\t<div class=\"elementor-widget-container\">\n\t\t\t\t\t\t\t<div class=\"elementor-counter\">\n\t\t\t<div class=\"elementor-counter-title\"> tr\u00f3jtlenku siarki ( SO3)<br> rozpuszczalnego w wodzie<\/div>\t\t\t<div class=\"elementor-counter-number-wrapper\">\n\t\t\t\t<span class=\"elementor-counter-number-prefix\"><\/span>\n\t\t\t\t<span class=\"elementor-counter-number\" data-duration=\"2000\" data-to-value=\"32\" data-from-value=\"0\" data-delimiter=\",\">0<\/span>\n\t\t\t\t<span class=\"elementor-counter-number-suffix\">%<\/span>\n\t\t\t<\/div>\n\t\t<\/div>\n\t\t\t\t\t\t<\/div>\n\t\t\t\t<\/div>\n\t\t\t\t\t<\/div>\n\t\t<\/div>\n\t\t\t\t\t<\/div>\n\t\t<\/section>\n\t\t\t\t\t<\/div>\n\t\t<\/div>\n\t\t\t\t\t<\/div>\n\t\t<\/section>\n\t\t\t\t<section class=\"elementor-section elementor-top-section elementor-element elementor-element-9f84d0e elementor-section-boxed elementor-section-height-default elementor-section-height-default\" data-id=\"9f84d0e\" data-element_type=\"section\" data-e-type=\"section\">\n\t\t\t\t\t\t<div class=\"elementor-container elementor-column-gap-default\">\n\t\t\t\t\t<div class=\"elementor-column elementor-col-100 elementor-top-column elementor-element elementor-element-fa66578\" data-id=\"fa66578\" data-element_type=\"column\" data-e-type=\"column\">\n\t\t\t<div class=\"elementor-widget-wrap elementor-element-populated\">\n\t\t\t\t\t\t<section class=\"elementor-section elementor-inner-section elementor-element elementor-element-c4e8352 elementor-section-height-default elementor-section-boxed elementor-section-height-default\" data-id=\"c4e8352\" data-element_type=\"section\" data-e-type=\"section\">\n\t\t\t\t\t\t<div class=\"elementor-container elementor-column-gap-no\">\n\t\t\t\t\t<div class=\"elementor-column elementor-col-50 elementor-top-column elementor-element elementor-element-7187f2d\" data-id=\"7187f2d\" data-element_type=\"column\" data-e-type=\"column\">\n\t\t\t<div class=\"elementor-widget-wrap elementor-element-populated\">\n\t\t\t\t\t\t<div class=\"elementor-element elementor-element-faae672 elementor-widget elementor-widget-image\" data-id=\"faae672\" data-element_type=\"widget\" data-e-type=\"widget\" data-widget_type=\"image.default\">\n\t\t\t\t<div class=\"elementor-widget-container\">\n\t\t\t\t\t\t\t\t\t\t\t\t\t\t\t<img decoding=\"async\" src=\"http:\/\/fabrykanawozow.pl\/wp-content\/uploads\/2024\/02\/IMG_1992-rotated.jpeg\" title=\"\" alt=\"\" loading=\"lazy\" \/>\t\t\t\t\t\t\t\t\t\t\t\t\t\t\t<\/div>\n\t\t\t\t<\/div>\n\t\t\t\t\t<\/div>\n\t\t<\/div>\n\t\t\t\t<div class=\"elementor-column elementor-col-50 elementor-top-column elementor-element elementor-element-ecd9b48\" data-id=\"ecd9b48\" data-element_type=\"column\" data-e-type=\"column\">\n\t\t\t<div class=\"elementor-widget-wrap elementor-element-populated\">\n\t\t\t\t\t\t<div class=\"elementor-element elementor-element-49a6a28 elementor-widget elementor-widget-image\" data-id=\"49a6a28\" data-element_type=\"widget\" data-e-type=\"widget\" data-widget_type=\"image.default\">\n\t\t\t\t<div class=\"elementor-widget-container\">\n\t\t\t\t\t\t\t\t\t\t\t\t\t\t\t<img decoding=\"async\" src=\"http:\/\/fabrykanawozow.pl\/wp-content\/uploads\/2024\/02\/IMG_1993-rotated.jpeg\" title=\"\" alt=\"\" loading=\"lazy\" \/>\t\t\t\t\t\t\t\t\t\t\t\t\t\t\t<\/div>\n\t\t\t\t<\/div>\n\t\t\t\t\t<\/div>\n\t\t<\/div>\n\t\t\t\t\t<\/div>\n\t\t<\/section>\n\t\t\t\t\t<\/div>\n\t\t<\/div>\n\t\t\t\t\t<\/div>\n\t\t<\/section>\n\t\t\t\t<\/div>\n\t\t","protected":false},"excerpt":{"rendered":"<p>SIARCZAN MAGNEZU SIEDMIOWODNYSiarczan magnezu KAZAR to pe\u0142ni rozpuszczalny naw\u00f3z do nawo\u017cenia i dokarmiania dolistnego upraw: rolniczych, ogrodniczych i sadowniczych oraz nawo\u017cenia z nawadnianiem (fertygacji) w formie krystalicznej bez \u017cadnych zanieczyszcze\u0144. Natychmiastowo i efektywnie dostarcza ro\u015blinom magnez i siark\u0119 tlenku mgnezu ( MgO) rozpuszczalnego w wodzie 0 % tr\u00f3jtlenku siarki ( SO3) rozpuszczalnego w wodzie 0 [&hellip;]<\/p>\n","protected":false},"author":1,"featured_media":0,"parent":0,"menu_order":0,"comment_status":"closed","ping_status":"closed","template":"","meta":{"rs_blank_template":"","rs_page_bg_color":"","slide_template_v7":"","footnotes":""},"class_list":["post-1288","page","type-page","status-publish","hentry","no-thumb"],"_links":{"self":[{"href":"https:\/\/flora-debowski.pl\/nawozy_rolnicze\/wp-json\/wp\/v2\/pages\/1288","targetHints":{"allow":["GET"]}}],"collection":[{"href":"https:\/\/flora-debowski.pl\/nawozy_rolnicze\/wp-json\/wp\/v2\/pages"}],"about":[{"href":"https:\/\/flora-debowski.pl\/nawozy_rolnicze\/wp-json\/wp\/v2\/types\/page"}],"author":[{"embeddable":true,"href":"https:\/\/flora-debowski.pl\/nawozy_rolnicze\/wp-json\/wp\/v2\/users\/1"}],"replies":[{"embeddable":true,"href":"https:\/\/flora-debowski.pl\/nawozy_rolnicze\/wp-json\/wp\/v2\/comments?post=1288"}],"version-history":[{"count":7,"href":"https:\/\/flora-debowski.pl\/nawozy_rolnicze\/wp-json\/wp\/v2\/pages\/1288\/revisions"}],"predecessor-version":[{"id":1330,"href":"https:\/\/flora-debowski.pl\/nawozy_rolnicze\/wp-json\/wp\/v2\/pages\/1288\/revisions\/1330"}],"wp:attachment":[{"href":"https:\/\/flora-debowski.pl\/nawozy_rolnicze\/wp-json\/wp\/v2\/media?parent=1288"}],"curies":[{"name":"wp","href":"https:\/\/api.w.org\/{rel}","templated":true}]}}