{"id":1293,"date":"2025-05-22T13:24:40","date_gmt":"2025-05-22T11:24:40","guid":{"rendered":"https:\/\/flora-debowski.pl\/nawozy_rolnicze\/?page_id=1293"},"modified":"2025-06-02T11:26:48","modified_gmt":"2025-06-02T09:26:48","slug":"olimpia","status":"publish","type":"page","link":"https:\/\/flora-debowski.pl\/nawozy_rolnicze\/olimpia\/","title":{"rendered":"Olimpia"},"content":{"rendered":"\t\t<div data-elementor-type=\"wp-page\" data-elementor-id=\"1293\" class=\"elementor elementor-1293\">\n\t\t\t\t\t\t<section class=\"elementor-section elementor-top-section elementor-element elementor-element-57e1ec4 elementor-section-boxed elementor-section-height-default elementor-section-height-default\" data-id=\"57e1ec4\" data-element_type=\"section\" data-e-type=\"section\">\n\t\t\t\t\t\t<div class=\"elementor-container elementor-column-gap-default\">\n\t\t\t\t\t<div class=\"elementor-column elementor-col-100 elementor-top-column elementor-element elementor-element-fd81a69\" data-id=\"fd81a69\" data-element_type=\"column\" data-e-type=\"column\">\n\t\t\t<div class=\"elementor-widget-wrap elementor-element-populated\">\n\t\t\t\t\t\t<section class=\"elementor-section elementor-inner-section elementor-element elementor-element-d89bb20 elementor-section-height-default elementor-section-boxed elementor-section-height-default\" data-id=\"d89bb20\" data-element_type=\"section\" data-e-type=\"section\">\n\t\t\t\t\t\t<div class=\"elementor-container elementor-column-gap-default\">\n\t\t\t\t\t<div class=\"elementor-column elementor-col-66 elementor-top-column elementor-element elementor-element-4b18704\" data-id=\"4b18704\" data-element_type=\"column\" data-e-type=\"column\">\n\t\t\t<div class=\"elementor-widget-wrap elementor-element-populated\">\n\t\t\t\t\t\t<div class=\"elementor-element elementor-element-be31e15 elementor-widget elementor-widget-text-editor\" data-id=\"be31e15\" data-element_type=\"widget\" data-e-type=\"widget\" data-widget_type=\"text-editor.default\">\n\t\t\t\t<div class=\"elementor-widget-container\">\n\t\t\t\t\t\t\t\t\t<p>Saletra wapniowa OLIMPIA s\u0142u\u017cy do nawo\u017cenia ro\u015blin wodnym roztworem nawozu poprzez podlewanie (fertygacja) a tak\u017ce do nawo\u017cenia dolistnego (pozakorzeniowego). <br \/><br \/>Najcz\u0119\u015bciej naw\u00f3z ten stosuje si\u0119 do nawo\u017cenia warzyw, owoc\u00f3w, a tak\u017ce ro\u015blin ozdobnych. Ponadto w uprawach os\u0142oni\u0119tych (szklarnie, tunele), jak i uprawach pod go\u0142ym niebem &#8211; na polu, ogrodzie, sadzie.<br \/><br \/>W zale\u017cno\u015bci od gatunku i fazy rozwojowej ro\u015blin:<br \/>a) fertygacja \u2013 st\u0119\u017cenie 0,05 \u2013 0,15 % (0,5- 1,5 kg\/1000 litr\u00f3w wody)<br \/>b) nawo\u017cenie- st\u0119\u017cenie 0,2 \u2013 1 % (2-10kg \/ 1000 litr\u00f3w wody)<\/p>\t\t\t\t\t\t\t\t<\/div>\n\t\t\t\t<\/div>\n\t\t\t\t\t<\/div>\n\t\t<\/div>\n\t\t\t\t<div class=\"elementor-column elementor-col-33 elementor-top-column elementor-element elementor-element-d64abd0\" data-id=\"d64abd0\" data-element_type=\"column\" data-e-type=\"column\">\n\t\t\t<div class=\"elementor-widget-wrap elementor-element-populated\">\n\t\t\t\t\t\t<div class=\"elementor-element elementor-element-b6fc61e elementor-widget elementor-widget-image\" data-id=\"b6fc61e\" data-element_type=\"widget\" data-e-type=\"widget\" data-widget_type=\"image.default\">\n\t\t\t\t<div class=\"elementor-widget-container\">\n\t\t\t\t\t\t\t\t\t\t\t\t\t\t\t<img fetchpriority=\"high\" decoding=\"async\" width=\"554\" height=\"554\" src=\"https:\/\/flora-debowski.pl\/nawozy_rolnicze\/wp-content\/uploads\/2025\/06\/Bez-nazwy-10006.png\" class=\"attachment-large size-large wp-image-1311\" alt=\"\" srcset=\"https:\/\/flora-debowski.pl\/nawozy_rolnicze\/wp-content\/uploads\/2025\/06\/Bez-nazwy-10006.png 554w, https:\/\/flora-debowski.pl\/nawozy_rolnicze\/wp-content\/uploads\/2025\/06\/Bez-nazwy-10006-300x300.png 300w, https:\/\/flora-debowski.pl\/nawozy_rolnicze\/wp-content\/uploads\/2025\/06\/Bez-nazwy-10006-150x150.png 150w, https:\/\/flora-debowski.pl\/nawozy_rolnicze\/wp-content\/uploads\/2025\/06\/Bez-nazwy-10006-370x370.png 370w, https:\/\/flora-debowski.pl\/nawozy_rolnicze\/wp-content\/uploads\/2025\/06\/Bez-nazwy-10006-512x512.png 512w\" sizes=\"(max-width: 554px) 100vw, 554px\" \/>\t\t\t\t\t\t\t\t\t\t\t\t\t\t\t<\/div>\n\t\t\t\t<\/div>\n\t\t\t\t\t<\/div>\n\t\t<\/div>\n\t\t\t\t\t<\/div>\n\t\t<\/section>\n\t\t\t\t\t<\/div>\n\t\t<\/div>\n\t\t\t\t\t<\/div>\n\t\t<\/section>\n\t\t\t\t<section class=\"elementor-section elementor-top-section elementor-element elementor-element-a36cece elementor-section-boxed elementor-section-height-default elementor-section-height-default\" data-id=\"a36cece\" data-element_type=\"section\" data-e-type=\"section\">\n\t\t\t\t\t\t<div class=\"elementor-container elementor-column-gap-default\">\n\t\t\t\t\t<div class=\"elementor-column elementor-col-100 elementor-top-column elementor-element elementor-element-7dfaaeb\" data-id=\"7dfaaeb\" data-element_type=\"column\" data-e-type=\"column\">\n\t\t\t<div class=\"elementor-widget-wrap elementor-element-populated\">\n\t\t\t\t\t\t<section class=\"elementor-section elementor-inner-section elementor-element elementor-element-7e1fcb3 elementor-section-height-default elementor-section-boxed elementor-section-height-default\" data-id=\"7e1fcb3\" data-element_type=\"section\" data-e-type=\"section\">\n\t\t\t\t\t\t<div class=\"elementor-container elementor-column-gap-default\">\n\t\t\t\t\t<div class=\"elementor-column elementor-col-50 elementor-top-column elementor-element elementor-element-369831f\" data-id=\"369831f\" data-element_type=\"column\" data-e-type=\"column\">\n\t\t\t<div class=\"elementor-widget-wrap elementor-element-populated\">\n\t\t\t\t\t\t<div class=\"elementor-element elementor-element-8e89c93 elementor-widget elementor-widget-counter\" data-id=\"8e89c93\" data-element_type=\"widget\" data-e-type=\"widget\" data-widget_type=\"counter.default\">\n\t\t\t\t<div class=\"elementor-widget-container\">\n\t\t\t\t\t\t\t<div class=\"elementor-counter\">\n\t\t\t<div class=\"elementor-counter-title\">Zawarto\u015b\u0107 azotu (N) ca\u0142kowitego<\/div>\t\t\t<div class=\"elementor-counter-number-wrapper\">\n\t\t\t\t<span class=\"elementor-counter-number-prefix\"><\/span>\n\t\t\t\t<span class=\"elementor-counter-number\" data-duration=\"2000\" data-to-value=\"15.1\" data-from-value=\"0\" data-delimiter=\",\">0<\/span>\n\t\t\t\t<span class=\"elementor-counter-number-suffix\">%<\/span>\n\t\t\t<\/div>\n\t\t<\/div>\n\t\t\t\t\t\t<\/div>\n\t\t\t\t<\/div>\n\t\t\t\t\t<\/div>\n\t\t<\/div>\n\t\t\t\t<div class=\"elementor-column elementor-col-50 elementor-top-column elementor-element elementor-element-5a8ce59\" data-id=\"5a8ce59\" data-element_type=\"column\" data-e-type=\"column\">\n\t\t\t<div class=\"elementor-widget-wrap elementor-element-populated\">\n\t\t\t\t\t\t<div class=\"elementor-element elementor-element-43a4f64 elementor-widget elementor-widget-counter\" data-id=\"43a4f64\" data-element_type=\"widget\" data-e-type=\"widget\" data-widget_type=\"counter.default\">\n\t\t\t\t<div class=\"elementor-widget-container\">\n\t\t\t\t\t\t\t<div class=\"elementor-counter\">\n\t\t\t<div class=\"elementor-counter-title\">Zawarto\u015b\u0107 wapnia rozpuszczalnego w wodzie w przeliczeniu na CaO<\/div>\t\t\t<div class=\"elementor-counter-number-wrapper\">\n\t\t\t\t<span class=\"elementor-counter-number-prefix\"><\/span>\n\t\t\t\t<span class=\"elementor-counter-number\" data-duration=\"2000\" data-to-value=\"29.3\" data-from-value=\"0\" data-delimiter=\",\">0<\/span>\n\t\t\t\t<span class=\"elementor-counter-number-suffix\">%<\/span>\n\t\t\t<\/div>\n\t\t<\/div>\n\t\t\t\t\t\t<\/div>\n\t\t\t\t<\/div>\n\t\t\t\t\t<\/div>\n\t\t<\/div>\n\t\t\t\t\t<\/div>\n\t\t<\/section>\n\t\t\t\t\t<\/div>\n\t\t<\/div>\n\t\t\t\t\t<\/div>\n\t\t<\/section>\n\t\t\t\t<section class=\"elementor-section elementor-top-section elementor-element elementor-element-ab29b61 elementor-section-boxed elementor-section-height-default elementor-section-height-default\" data-id=\"ab29b61\" data-element_type=\"section\" data-e-type=\"section\">\n\t\t\t\t\t\t<div class=\"elementor-container elementor-column-gap-default\">\n\t\t\t\t\t<div class=\"elementor-column elementor-col-100 elementor-top-column elementor-element elementor-element-0dd27c2\" data-id=\"0dd27c2\" data-element_type=\"column\" data-e-type=\"column\">\n\t\t\t<div class=\"elementor-widget-wrap elementor-element-populated\">\n\t\t\t\t\t\t<section class=\"elementor-section elementor-inner-section elementor-element elementor-element-3461ce4 elementor-section-height-default elementor-section-boxed elementor-section-height-default\" data-id=\"3461ce4\" data-element_type=\"section\" data-e-type=\"section\">\n\t\t\t\t\t\t<div class=\"elementor-container elementor-column-gap-no\">\n\t\t\t\t\t<div class=\"elementor-column elementor-col-50 elementor-top-column elementor-element elementor-element-e8d32ba\" data-id=\"e8d32ba\" data-element_type=\"column\" data-e-type=\"column\">\n\t\t\t<div class=\"elementor-widget-wrap elementor-element-populated\">\n\t\t\t\t\t\t<div class=\"elementor-element elementor-element-7f973fe elementor-widget elementor-widget-image\" data-id=\"7f973fe\" data-element_type=\"widget\" data-e-type=\"widget\" data-widget_type=\"image.default\">\n\t\t\t\t<div class=\"elementor-widget-container\">\n\t\t\t\t\t\t\t\t\t\t\t\t\t\t\t<img decoding=\"async\" src=\"http:\/\/fabrykanawozow.pl\/wp-content\/uploads\/2024\/02\/q1-rotated.jpeg\" title=\"\" alt=\"\" loading=\"lazy\" \/>\t\t\t\t\t\t\t\t\t\t\t\t\t\t\t<\/div>\n\t\t\t\t<\/div>\n\t\t\t\t\t<\/div>\n\t\t<\/div>\n\t\t\t\t<div class=\"elementor-column elementor-col-50 elementor-top-column elementor-element elementor-element-c9ce946\" data-id=\"c9ce946\" data-element_type=\"column\" data-e-type=\"column\">\n\t\t\t<div class=\"elementor-widget-wrap elementor-element-populated\">\n\t\t\t\t\t\t<div class=\"elementor-element elementor-element-3930dfb elementor-widget elementor-widget-image\" data-id=\"3930dfb\" data-element_type=\"widget\" data-e-type=\"widget\" data-widget_type=\"image.default\">\n\t\t\t\t<div class=\"elementor-widget-container\">\n\t\t\t\t\t\t\t\t\t\t\t\t\t\t\t<img decoding=\"async\" src=\"http:\/\/fabrykanawozow.pl\/wp-content\/uploads\/2024\/02\/q2-rotated.jpeg\" title=\"\" alt=\"\" loading=\"lazy\" \/>\t\t\t\t\t\t\t\t\t\t\t\t\t\t\t<\/div>\n\t\t\t\t<\/div>\n\t\t\t\t\t<\/div>\n\t\t<\/div>\n\t\t\t\t\t<\/div>\n\t\t<\/section>\n\t\t\t\t\t<\/div>\n\t\t<\/div>\n\t\t\t\t\t<\/div>\n\t\t<\/section>\n\t\t\t\t<\/div>\n\t\t","protected":false},"excerpt":{"rendered":"<p>Saletra wapniowa OLIMPIA s\u0142u\u017cy do nawo\u017cenia ro\u015blin wodnym roztworem nawozu poprzez podlewanie (fertygacja) a tak\u017ce do nawo\u017cenia dolistnego (pozakorzeniowego). Najcz\u0119\u015bciej naw\u00f3z ten stosuje si\u0119 do nawo\u017cenia warzyw, owoc\u00f3w, a tak\u017ce ro\u015blin ozdobnych. Ponadto w uprawach os\u0142oni\u0119tych (szklarnie, tunele), jak i uprawach pod go\u0142ym niebem &#8211; na polu, ogrodzie, sadzie. W zale\u017cno\u015bci od gatunku i fazy [&hellip;]<\/p>\n","protected":false},"author":1,"featured_media":0,"parent":0,"menu_order":0,"comment_status":"closed","ping_status":"closed","template":"","meta":{"rs_blank_template":"","rs_page_bg_color":"","slide_template_v7":"","footnotes":""},"class_list":["post-1293","page","type-page","status-publish","hentry","no-thumb"],"_links":{"self":[{"href":"https:\/\/flora-debowski.pl\/nawozy_rolnicze\/wp-json\/wp\/v2\/pages\/1293","targetHints":{"allow":["GET"]}}],"collection":[{"href":"https:\/\/flora-debowski.pl\/nawozy_rolnicze\/wp-json\/wp\/v2\/pages"}],"about":[{"href":"https:\/\/flora-debowski.pl\/nawozy_rolnicze\/wp-json\/wp\/v2\/types\/page"}],"author":[{"embeddable":true,"href":"https:\/\/flora-debowski.pl\/nawozy_rolnicze\/wp-json\/wp\/v2\/users\/1"}],"replies":[{"embeddable":true,"href":"https:\/\/flora-debowski.pl\/nawozy_rolnicze\/wp-json\/wp\/v2\/comments?post=1293"}],"version-history":[{"count":7,"href":"https:\/\/flora-debowski.pl\/nawozy_rolnicze\/wp-json\/wp\/v2\/pages\/1293\/revisions"}],"predecessor-version":[{"id":1333,"href":"https:\/\/flora-debowski.pl\/nawozy_rolnicze\/wp-json\/wp\/v2\/pages\/1293\/revisions\/1333"}],"wp:attachment":[{"href":"https:\/\/flora-debowski.pl\/nawozy_rolnicze\/wp-json\/wp\/v2\/media?parent=1293"}],"curies":[{"name":"wp","href":"https:\/\/api.w.org\/{rel}","templated":true}]}}