{"id":481,"date":"2021-08-17T13:12:48","date_gmt":"2021-08-17T11:12:48","guid":{"rendered":"https:\/\/flora-debowski.pl\/nawozy_rolnicze\/?page_id=481"},"modified":"2025-06-10T14:29:19","modified_gmt":"2025-06-10T12:29:19","slug":"pgn","status":"publish","type":"page","link":"https:\/\/flora-debowski.pl\/nawozy_rolnicze\/pgn\/","title":{"rendered":"Flora D\u0119bowski"},"content":{"rendered":"\t\t<div data-elementor-type=\"wp-page\" data-elementor-id=\"481\" class=\"elementor elementor-481\">\n\t\t\t\t\t\t<section class=\"elementor-section elementor-top-section elementor-element elementor-element-0dcf8b6 elementor-section-content-middle elementor-section-boxed elementor-section-height-default elementor-section-height-default\" data-id=\"0dcf8b6\" data-element_type=\"section\" data-e-type=\"section\">\n\t\t\t\t\t\t<div class=\"elementor-container elementor-column-gap-default\">\n\t\t\t\t\t<div class=\"elementor-column elementor-col-33 elementor-top-column elementor-element elementor-element-74ed80c\" data-id=\"74ed80c\" data-element_type=\"column\" data-e-type=\"column\">\n\t\t\t<div class=\"elementor-widget-wrap elementor-element-populated\">\n\t\t\t\t\t\t<div class=\"elementor-element elementor-element-a06b2d1 elementor-widget elementor-widget-image\" data-id=\"a06b2d1\" data-element_type=\"widget\" data-e-type=\"widget\" data-widget_type=\"image.default\">\n\t\t\t\t<div class=\"elementor-widget-container\">\n\t\t\t\t\t\t\t\t\t\t\t\t\t\t\t<img fetchpriority=\"high\" decoding=\"async\" width=\"800\" height=\"600\" src=\"https:\/\/flora-debowski.pl\/nawozy_rolnicze\/wp-content\/uploads\/2019\/07\/a5.webp\" class=\"attachment-large size-large wp-image-486\" alt=\"\" srcset=\"https:\/\/flora-debowski.pl\/nawozy_rolnicze\/wp-content\/uploads\/2019\/07\/a5.webp 800w, https:\/\/flora-debowski.pl\/nawozy_rolnicze\/wp-content\/uploads\/2019\/07\/a5-300x225.webp 300w, https:\/\/flora-debowski.pl\/nawozy_rolnicze\/wp-content\/uploads\/2019\/07\/a5-768x576.webp 768w, https:\/\/flora-debowski.pl\/nawozy_rolnicze\/wp-content\/uploads\/2019\/07\/a5-370x278.webp 370w\" sizes=\"(max-width: 800px) 100vw, 800px\" \/>\t\t\t\t\t\t\t\t\t\t\t\t\t\t\t<\/div>\n\t\t\t\t<\/div>\n\t\t\t\t\t<\/div>\n\t\t<\/div>\n\t\t\t\t<div class=\"elementor-column elementor-col-66 elementor-top-column elementor-element elementor-element-8a66e00\" data-id=\"8a66e00\" data-element_type=\"column\" data-e-type=\"column\">\n\t\t\t<div class=\"elementor-widget-wrap elementor-element-populated\">\n\t\t\t\t\t\t<div class=\"elementor-element elementor-element-b4183b7 elementor-widget elementor-widget-text-editor\" data-id=\"b4183b7\" data-element_type=\"widget\" data-e-type=\"widget\" data-widget_type=\"text-editor.default\">\n\t\t\t\t<div class=\"elementor-widget-container\">\n\t\t\t\t\t\t\t\t\t<p>Firma stale nadzoruje jako\u015b\u0107 proces\u00f3w produkcyjnych, pocz\u0105wszy od momentu wydobycia po granulacj\u0119, aby mie\u0107 pewno\u015b\u0107, \u017ce oferowany przez nas towar jest najwy\u017cszej jako\u015bci.\u00a0<\/p><p>Czym s\u0105 nawozy wapniowe i w jakim celu si\u0119 je stosuje? G\u0142\u00f3wnym zadaniem stosowania nawoz\u00f3w wapniowych jest odkwaszanie gleby, doprowadzaj\u0105c jej odczyn (pH) do poziomu optymalnego dla uprawianych ro\u015blin. Wi\u0119kszo\u015b\u0107 gleb w Polsce, bo a\u017c 70% wymaga odkwaszania.<br \/>Wysoki poziom kwasowo\u015bci wi\u0119kszo\u015bci gleb w Polsce wynika z naturalnych ubytk\u00f3w wapnia z gleby poprzez pobieranie go wraz z plonem, wyp\u0142ukiwanie oraz kwa\u015bne deszcze i stosowanie nawoz\u00f3w mineralnych. Zakwaszenie gleb powoduje nisk\u0105 ich produktywno\u015b\u0107, oraz przede wszystkim zmniejszenie przyswajalno\u015bci sk\u0142adnik\u00f3w pokarmowych przez ro\u015bliny uprawne i degradacj\u0119 gleby, co prowadzi do znacznego obni\u017cenia plon\u00f3w i mocno ogranicza mo\u017cliwo\u015bci uprawy grunt\u00f3w.<\/p>\t\t\t\t\t\t\t\t<\/div>\n\t\t\t\t<\/div>\n\t\t\t\t\t<\/div>\n\t\t<\/div>\n\t\t\t\t\t<\/div>\n\t\t<\/section>\n\t\t\t\t<section class=\"elementor-section elementor-top-section elementor-element elementor-element-68e5aef elementor-section-boxed elementor-section-height-default elementor-section-height-default\" data-id=\"68e5aef\" data-element_type=\"section\" data-e-type=\"section\">\n\t\t\t\t\t\t<div class=\"elementor-container elementor-column-gap-default\">\n\t\t\t\t\t<div class=\"elementor-column elementor-col-100 elementor-top-column elementor-element elementor-element-757c274\" data-id=\"757c274\" data-element_type=\"column\" data-e-type=\"column\">\n\t\t\t<div class=\"elementor-widget-wrap elementor-element-populated\">\n\t\t\t\t\t\t<div class=\"elementor-element elementor-element-15dabf0 elementor-widget elementor-widget-image\" data-id=\"15dabf0\" data-element_type=\"widget\" data-e-type=\"widget\" data-widget_type=\"image.default\">\n\t\t\t\t<div class=\"elementor-widget-container\">\n\t\t\t\t\t\t\t\t\t\t\t\t\t\t\t<img decoding=\"async\" width=\"1024\" height=\"156\" src=\"https:\/\/flora-debowski.pl\/nawozy_rolnicze\/wp-content\/uploads\/2021\/08\/654-1024x156.jpg\" class=\"attachment-large size-large wp-image-452\" alt=\"\" srcset=\"https:\/\/flora-debowski.pl\/nawozy_rolnicze\/wp-content\/uploads\/2021\/08\/654-1024x156.jpg 1024w, https:\/\/flora-debowski.pl\/nawozy_rolnicze\/wp-content\/uploads\/2021\/08\/654-300x46.jpg 300w, https:\/\/flora-debowski.pl\/nawozy_rolnicze\/wp-content\/uploads\/2021\/08\/654-768x117.jpg 768w, https:\/\/flora-debowski.pl\/nawozy_rolnicze\/wp-content\/uploads\/2021\/08\/654-370x56.jpg 370w, https:\/\/flora-debowski.pl\/nawozy_rolnicze\/wp-content\/uploads\/2021\/08\/654.jpg 1136w\" sizes=\"(max-width: 1024px) 100vw, 1024px\" \/>\t\t\t\t\t\t\t\t\t\t\t\t\t\t\t<\/div>\n\t\t\t\t<\/div>\n\t\t\t\t\t<\/div>\n\t\t<\/div>\n\t\t\t\t\t<\/div>\n\t\t<\/section>\n\t\t\t\t<section class=\"elementor-section elementor-top-section elementor-element elementor-element-f0456ab elementor-section-boxed elementor-section-height-default elementor-section-height-default\" data-id=\"f0456ab\" data-element_type=\"section\" data-e-type=\"section\">\n\t\t\t\t\t\t<div class=\"elementor-container elementor-column-gap-default\">\n\t\t\t\t\t<div class=\"elementor-column elementor-col-100 elementor-top-column elementor-element elementor-element-5d025e6\" data-id=\"5d025e6\" data-element_type=\"column\" data-e-type=\"column\">\n\t\t\t<div class=\"elementor-widget-wrap elementor-element-populated\">\n\t\t\t\t\t\t<div class=\"elementor-element elementor-element-c615f54 elementor-widget elementor-widget-text-editor\" data-id=\"c615f54\" data-element_type=\"widget\" data-e-type=\"widget\" data-widget_type=\"text-editor.default\">\n\t\t\t\t<div class=\"elementor-widget-container\">\n\t\t\t\t\t\t\t\t\t<p>Szacuje si\u0119, \u017ce w Polsce oko\u0142o 60-70% grunt\u00f3w uprawowych nale\u017cy do gleb kwa\u015bnych. Kwa\u015bny odczyn pod\u0142o\u017ca uniemo\u017cliwia efektywn\u0105 upraw\u0119, poprzez ograniczenie pobierania sk\u0142adnik\u00f3w przez ro\u015bliny. Jak nikt inny zdajemy sobie spraw\u0119, \u017ce nale\u017cy przeciwdzia\u0142a\u0107 takim procesom. Stosuj\u0105c wapno granulowane szybko i skutecznie mo\u017cna poprawi\u0107 odczyn gleby oraz utrzyma\u0107 go na prawid\u0142owym poziomie. Wap\u0144 pozwala stworzy\u0107 ro\u015blinom odpowiednie warunki do rozwoju oraz pobierania niezb\u0119dnych dla nich sk\u0142adnik\u00f3w pokarmowych. Przek\u0142ada si\u0119 to na popraw\u0119 plonowania a wi\u0119c zwi\u0119kszenie op\u0142acalno\u015bci upraw.<\/p><p>W razie pyta\u0144 i w\u0105tpliwo\u015bci kadra naszych pracownik\u00f3w s\u0142u\u017cy fachowym doradztwem.\u00a0<\/p>\t\t\t\t\t\t\t\t<\/div>\n\t\t\t\t<\/div>\n\t\t\t\t\t<\/div>\n\t\t<\/div>\n\t\t\t\t\t<\/div>\n\t\t<\/section>\n\t\t\t\t<\/div>\n\t\t","protected":false},"excerpt":{"rendered":"<p>Firma stale nadzoruje jako\u015b\u0107 proces\u00f3w produkcyjnych, pocz\u0105wszy od momentu wydobycia po granulacj\u0119, aby mie\u0107 pewno\u015b\u0107, \u017ce oferowany przez nas towar jest najwy\u017cszej jako\u015bci.\u00a0 Czym s\u0105 nawozy wapniowe i w jakim celu si\u0119 je stosuje? G\u0142\u00f3wnym zadaniem stosowania nawoz\u00f3w wapniowych jest odkwaszanie gleby, doprowadzaj\u0105c jej odczyn (pH) do poziomu optymalnego dla uprawianych ro\u015blin. Wi\u0119kszo\u015b\u0107 gleb w [&hellip;]<\/p>\n","protected":false},"author":1,"featured_media":0,"parent":0,"menu_order":0,"comment_status":"closed","ping_status":"closed","template":"page-templates\/fullwidth-content.php","meta":{"rs_blank_template":"","rs_page_bg_color":"#ffffff","slide_template_v7":"","footnotes":""},"class_list":["post-481","page","type-page","status-publish","hentry","no-thumb"],"_links":{"self":[{"href":"https:\/\/flora-debowski.pl\/nawozy_rolnicze\/wp-json\/wp\/v2\/pages\/481","targetHints":{"allow":["GET"]}}],"collection":[{"href":"https:\/\/flora-debowski.pl\/nawozy_rolnicze\/wp-json\/wp\/v2\/pages"}],"about":[{"href":"https:\/\/flora-debowski.pl\/nawozy_rolnicze\/wp-json\/wp\/v2\/types\/page"}],"author":[{"embeddable":true,"href":"https:\/\/flora-debowski.pl\/nawozy_rolnicze\/wp-json\/wp\/v2\/users\/1"}],"replies":[{"embeddable":true,"href":"https:\/\/flora-debowski.pl\/nawozy_rolnicze\/wp-json\/wp\/v2\/comments?post=481"}],"version-history":[{"count":11,"href":"https:\/\/flora-debowski.pl\/nawozy_rolnicze\/wp-json\/wp\/v2\/pages\/481\/revisions"}],"predecessor-version":[{"id":1351,"href":"https:\/\/flora-debowski.pl\/nawozy_rolnicze\/wp-json\/wp\/v2\/pages\/481\/revisions\/1351"}],"wp:attachment":[{"href":"https:\/\/flora-debowski.pl\/nawozy_rolnicze\/wp-json\/wp\/v2\/media?parent=481"}],"curies":[{"name":"wp","href":"https:\/\/api.w.org\/{rel}","templated":true}]}}