{"id":519,"date":"2021-08-17T13:37:47","date_gmt":"2021-08-17T11:37:47","guid":{"rendered":"https:\/\/flora-debowski.pl\/nawozy_rolnicze\/?page_id=519"},"modified":"2024-01-04T10:37:44","modified_gmt":"2024-01-04T09:37:44","slug":"o-nas","status":"publish","type":"page","link":"https:\/\/flora-debowski.pl\/nawozy_rolnicze\/o-nas\/","title":{"rendered":"O Nas"},"content":{"rendered":"\t\t<div data-elementor-type=\"wp-page\" data-elementor-id=\"519\" class=\"elementor elementor-519\">\n\t\t\t\t\t\t<section class=\"elementor-section elementor-top-section elementor-element elementor-element-4a4e9c70 elementor-section-boxed elementor-section-height-default elementor-section-height-default\" data-id=\"4a4e9c70\" data-element_type=\"section\" data-e-type=\"section\">\n\t\t\t\t\t\t<div class=\"elementor-container elementor-column-gap-default\">\n\t\t\t\t\t<div class=\"elementor-column elementor-col-50 elementor-top-column elementor-element elementor-element-51ee0f6b elementor-invisible\" data-id=\"51ee0f6b\" data-element_type=\"column\" data-e-type=\"column\" data-settings=\"{&quot;animation&quot;:&quot;fadeInLeft&quot;}\">\n\t\t\t<div class=\"elementor-widget-wrap elementor-element-populated\">\n\t\t\t\t\t\t<div class=\"elementor-element elementor-element-531473b8 elementor-widget elementor-widget-image\" data-id=\"531473b8\" data-element_type=\"widget\" data-e-type=\"widget\" data-widget_type=\"image.default\">\n\t\t\t\t<div class=\"elementor-widget-container\">\n\t\t\t\t\t\t\t\t\t\t\t\t\t\t\t<img fetchpriority=\"high\" decoding=\"async\" width=\"1024\" height=\"678\" src=\"https:\/\/flora-debowski.pl\/nawozy_rolnicze\/wp-content\/uploads\/2021\/08\/image-1024x678.jpg\" class=\"attachment-large size-large wp-image-397\" alt=\"\" srcset=\"https:\/\/flora-debowski.pl\/nawozy_rolnicze\/wp-content\/uploads\/2021\/08\/image-1024x678.jpg 1024w, https:\/\/flora-debowski.pl\/nawozy_rolnicze\/wp-content\/uploads\/2021\/08\/image-300x199.jpg 300w, https:\/\/flora-debowski.pl\/nawozy_rolnicze\/wp-content\/uploads\/2021\/08\/image-768x509.jpg 768w, https:\/\/flora-debowski.pl\/nawozy_rolnicze\/wp-content\/uploads\/2021\/08\/image-1536x1017.jpg 1536w, https:\/\/flora-debowski.pl\/nawozy_rolnicze\/wp-content\/uploads\/2021\/08\/image-370x245.jpg 370w, https:\/\/flora-debowski.pl\/nawozy_rolnicze\/wp-content\/uploads\/2021\/08\/image.jpg 1878w\" sizes=\"(max-width: 1024px) 100vw, 1024px\" \/>\t\t\t\t\t\t\t\t\t\t\t\t\t\t\t<\/div>\n\t\t\t\t<\/div>\n\t\t\t\t\t<\/div>\n\t\t<\/div>\n\t\t\t\t<div class=\"elementor-column elementor-col-50 elementor-top-column elementor-element elementor-element-10e3e0b5 elementor-invisible\" data-id=\"10e3e0b5\" data-element_type=\"column\" data-e-type=\"column\" data-settings=\"{&quot;animation&quot;:&quot;fadeInRight&quot;}\">\n\t\t\t<div class=\"elementor-widget-wrap elementor-element-populated\">\n\t\t\t\t\t\t<div class=\"elementor-element elementor-element-67ee0ae6 elementor-widget elementor-widget-text-editor\" data-id=\"67ee0ae6\" data-element_type=\"widget\" data-e-type=\"widget\" data-widget_type=\"text-editor.default\">\n\t\t\t\t<div class=\"elementor-widget-container\">\n\t\t\t\t\t\t\t\t\t<p>Flora D\u0119bowski to wsp\u00f3\u0142cze\u015bnie mi\u0119dzynarodowa firma, kt\u00f3ra nale\u017cy do lider\u00f3w rynkowych i technologicznych w dziedzinie wytwarzania nawoz\u00f3w granulowanych.<\/p>\n<p>Flora D\u0119bowski to ci\u0105g\u0142y rozw\u00f3j.<br>Rozpocz\u0119cie dzia\u0142alno\u015bci mia\u0142o miejsce w 2014 roku, dzi\u015b jeste\u015bmy obecni w kilkudziesi\u0119ciu krajach europejskich. Nasz sukces osi\u0105gn\u0119li\u015bmy dzi\u0119ki ludziom i ich zaanga\u017cowaniu.<\/p>\n<p>W Polsce Flora D\u0119bowski jest obecna w trzech sektorach biznesowych: nawozowym, \u017cywienia zwierz\u0105t oraz przemy\u015ble energetycznym.<\/p>\t\t\t\t\t\t\t\t<\/div>\n\t\t\t\t<\/div>\n\t\t\t\t\t<\/div>\n\t\t<\/div>\n\t\t\t\t\t<\/div>\n\t\t<\/section>\n\t\t\t\t<section class=\"elementor-section elementor-top-section elementor-element elementor-element-646bbb8 elementor-section-boxed elementor-section-height-default elementor-section-height-default\" data-id=\"646bbb8\" data-element_type=\"section\" data-e-type=\"section\">\n\t\t\t\t\t\t<div class=\"elementor-container elementor-column-gap-default\">\n\t\t\t\t\t<div class=\"elementor-column elementor-col-33 elementor-top-column elementor-element elementor-element-715541c1\" data-id=\"715541c1\" data-element_type=\"column\" data-e-type=\"column\">\n\t\t\t<div class=\"elementor-widget-wrap\">\n\t\t\t\t\t\t\t<\/div>\n\t\t<\/div>\n\t\t\t\t<div class=\"elementor-column elementor-col-33 elementor-top-column elementor-element elementor-element-75b4395d\" data-id=\"75b4395d\" data-element_type=\"column\" data-e-type=\"column\">\n\t\t\t<div class=\"elementor-widget-wrap\">\n\t\t\t\t\t\t\t<\/div>\n\t\t<\/div>\n\t\t\t\t<div class=\"elementor-column elementor-col-33 elementor-top-column elementor-element elementor-element-3a6c2fda\" data-id=\"3a6c2fda\" data-element_type=\"column\" data-e-type=\"column\">\n\t\t\t<div class=\"elementor-widget-wrap\">\n\t\t\t\t\t\t\t<\/div>\n\t\t<\/div>\n\t\t\t\t\t<\/div>\n\t\t<\/section>\n\t\t\t\t<section class=\"elementor-section elementor-top-section elementor-element elementor-element-4d03497 elementor-section-boxed elementor-section-height-default elementor-section-height-default\" data-id=\"4d03497\" data-element_type=\"section\" data-e-type=\"section\">\n\t\t\t\t\t\t<div class=\"elementor-container elementor-column-gap-default\">\n\t\t\t\t\t<div class=\"elementor-column elementor-col-100 elementor-top-column elementor-element elementor-element-42395ddf\" data-id=\"42395ddf\" data-element_type=\"column\" data-e-type=\"column\">\n\t\t\t<div class=\"elementor-widget-wrap elementor-element-populated\">\n\t\t\t\t\t\t<div class=\"elementor-element elementor-element-19ba677f elementor-widget elementor-widget-image-carousel\" data-id=\"19ba677f\" data-element_type=\"widget\" data-e-type=\"widget\" data-settings=\"{&quot;navigation&quot;:&quot;none&quot;,&quot;autoplay_speed&quot;:50,&quot;speed&quot;:5000,&quot;autoplay&quot;:&quot;yes&quot;,&quot;pause_on_hover&quot;:&quot;yes&quot;,&quot;pause_on_interaction&quot;:&quot;yes&quot;,&quot;infinite&quot;:&quot;yes&quot;}\" data-widget_type=\"image-carousel.default\">\n\t\t\t\t<div class=\"elementor-widget-container\">\n\t\t\t\t\t\t\t<div class=\"elementor-image-carousel-wrapper swiper\" role=\"region\" aria-roledescription=\"carousel\" aria-label=\"Karuzela obrazk\u00f3w\" dir=\"ltr\">\n\t\t\t<div class=\"elementor-image-carousel swiper-wrapper\" aria-live=\"off\">\n\t\t\t\t\t\t\t\t<div class=\"swiper-slide\" role=\"group\" aria-roledescription=\"slide\" aria-label=\"1 z 6\"><figure class=\"swiper-slide-inner\"><img decoding=\"async\" class=\"swiper-slide-image\" src=\"https:\/\/flora-debowski.pl\/nawozy_rolnicze\/wp-content\/uploads\/2021\/08\/Bez-nazwy-10003-150x150.png\" alt=\"Bez nazwy-10003\" \/><\/figure><\/div><div class=\"swiper-slide\" role=\"group\" aria-roledescription=\"slide\" aria-label=\"2 z 6\"><figure class=\"swiper-slide-inner\"><img decoding=\"async\" class=\"swiper-slide-image\" src=\"https:\/\/flora-debowski.pl\/nawozy_rolnicze\/wp-content\/uploads\/2021\/08\/Bez-nazwy-10002-150x150.png\" alt=\"Bez nazwy-10002\" \/><\/figure><\/div><div class=\"swiper-slide\" role=\"group\" aria-roledescription=\"slide\" aria-label=\"3 z 6\"><figure class=\"swiper-slide-inner\"><img decoding=\"async\" class=\"swiper-slide-image\" src=\"https:\/\/flora-debowski.pl\/nawozy_rolnicze\/wp-content\/uploads\/2021\/08\/Bez-nazwy-10001-150x150.png\" alt=\"Bez nazwy-10001\" \/><\/figure><\/div><div class=\"swiper-slide\" role=\"group\" aria-roledescription=\"slide\" aria-label=\"4 z 6\"><figure class=\"swiper-slide-inner\"><img decoding=\"async\" class=\"swiper-slide-image\" src=\"https:\/\/flora-debowski.pl\/nawozy_rolnicze\/wp-content\/uploads\/2021\/08\/Bez-nazwy-10003-1-150x150.png\" alt=\"Bez nazwy-10003\" \/><\/figure><\/div><div class=\"swiper-slide\" role=\"group\" aria-roledescription=\"slide\" aria-label=\"5 z 6\"><figure class=\"swiper-slide-inner\"><img decoding=\"async\" class=\"swiper-slide-image\" src=\"https:\/\/flora-debowski.pl\/nawozy_rolnicze\/wp-content\/uploads\/2021\/08\/Bez-nazwy-10002-1-150x150.png\" alt=\"Bez nazwy-10002\" \/><\/figure><\/div><div class=\"swiper-slide\" role=\"group\" aria-roledescription=\"slide\" aria-label=\"6 z 6\"><figure class=\"swiper-slide-inner\"><img decoding=\"async\" class=\"swiper-slide-image\" src=\"https:\/\/flora-debowski.pl\/nawozy_rolnicze\/wp-content\/uploads\/2021\/08\/Bez-nazwy-10001-1-150x150.png\" alt=\"Bez nazwy-10001\" \/><\/figure><\/div>\t\t\t<\/div>\n\t\t\t\t\t\t\t\n\t\t\t\t\t\t\t\t\t<\/div>\n\t\t\t\t\t\t<\/div>\n\t\t\t\t<\/div>\n\t\t\t\t\t<\/div>\n\t\t<\/div>\n\t\t\t\t\t<\/div>\n\t\t<\/section>\n\t\t\t\t<\/div>\n\t\t","protected":false},"excerpt":{"rendered":"<p>Flora D\u0119bowski to wsp\u00f3\u0142cze\u015bnie mi\u0119dzynarodowa firma, kt\u00f3ra nale\u017cy do lider\u00f3w rynkowych i technologicznych w dziedzinie wytwarzania nawoz\u00f3w granulowanych. Flora D\u0119bowski to ci\u0105g\u0142y rozw\u00f3j.Rozpocz\u0119cie dzia\u0142alno\u015bci mia\u0142o miejsce w 2014 roku, dzi\u015b jeste\u015bmy obecni w kilkudziesi\u0119ciu krajach europejskich. Nasz sukces osi\u0105gn\u0119li\u015bmy dzi\u0119ki ludziom i ich zaanga\u017cowaniu. W Polsce Flora D\u0119bowski jest obecna w trzech sektorach biznesowych: nawozowym, [&hellip;]<\/p>\n","protected":false},"author":1,"featured_media":0,"parent":0,"menu_order":0,"comment_status":"closed","ping_status":"closed","template":"","meta":{"rs_blank_template":"","rs_page_bg_color":"#ffffff","slide_template_v7":"","footnotes":""},"class_list":["post-519","page","type-page","status-publish","hentry","no-thumb"],"_links":{"self":[{"href":"https:\/\/flora-debowski.pl\/nawozy_rolnicze\/wp-json\/wp\/v2\/pages\/519","targetHints":{"allow":["GET"]}}],"collection":[{"href":"https:\/\/flora-debowski.pl\/nawozy_rolnicze\/wp-json\/wp\/v2\/pages"}],"about":[{"href":"https:\/\/flora-debowski.pl\/nawozy_rolnicze\/wp-json\/wp\/v2\/types\/page"}],"author":[{"embeddable":true,"href":"https:\/\/flora-debowski.pl\/nawozy_rolnicze\/wp-json\/wp\/v2\/users\/1"}],"replies":[{"embeddable":true,"href":"https:\/\/flora-debowski.pl\/nawozy_rolnicze\/wp-json\/wp\/v2\/comments?post=519"}],"version-history":[{"count":13,"href":"https:\/\/flora-debowski.pl\/nawozy_rolnicze\/wp-json\/wp\/v2\/pages\/519\/revisions"}],"predecessor-version":[{"id":1087,"href":"https:\/\/flora-debowski.pl\/nawozy_rolnicze\/wp-json\/wp\/v2\/pages\/519\/revisions\/1087"}],"wp:attachment":[{"href":"https:\/\/flora-debowski.pl\/nawozy_rolnicze\/wp-json\/wp\/v2\/media?parent=519"}],"curies":[{"name":"wp","href":"https:\/\/api.w.org\/{rel}","templated":true}]}}